{"id":729,"date":"2025-08-15T02:01:12","date_gmt":"2025-08-14T23:01:12","guid":{"rendered":"https:\/\/duzicisinav.com\/?page_id=729"},"modified":"2025-08-15T02:18:15","modified_gmt":"2025-08-14T23:18:15","slug":"ogrenci-on-basvuru-formu","status":"publish","type":"page","link":"https:\/\/duzicisinav.com\/ru\/ogrenci-on-basvuru-formu\/","title":{"rendered":"\u041f\u0440\u0435\u0434\u0432\u0430\u0440\u0438\u0442\u0435\u043b\u044c\u043d\u0430\u044f \u0444\u043e\u0440\u043c\u0430 \u0437\u0430\u044f\u0432\u043b\u0435\u043d\u0438\u044f \u0441\u0442\u0443\u0434\u0435\u043d\u0442\u0430"},"content":{"rendered":"<div data-elementor-type=\"wp-page\" data-elementor-id=\"729\" class=\"elementor elementor-729\">\n\t\t\t\t<div class=\"elementor-element elementor-element-e2513fa e-flex e-con-boxed e-con e-parent\" data-id=\"e2513fa\" data-element_type=\"container\" data-settings=\"{&quot;background_background&quot;:&quot;classic&quot;,&quot;jet_parallax_layout_list&quot;:[]}\">\n\t\t\t\t\t<div class=\"e-con-inner\">\n\t\t<div class=\"elementor-element elementor-element-3eb9642 e-con-full e-flex e-con e-child\" data-id=\"3eb9642\" data-element_type=\"container\" data-settings=\"{&quot;jet_parallax_layout_list&quot;:[]}\">\n\t\t\t\t<div class=\"elementor-element elementor-element-49fc8f2 elementor-widget elementor-widget-heading\" data-id=\"49fc8f2\" data-element_type=\"widget\" data-widget_type=\"heading.default\">\n\t\t\t\t\t<h2 class=\"elementor-heading-title elementor-size-default\">\u041e \u043d\u0430\u0441<\/h2>\t\t\t\t<\/div>\n\t\t\t\t<\/div>\n\t\t\t\t\t<\/div>\n\t\t\t\t<\/div>\n\t\t<div class=\"elementor-element elementor-element-71c843a e-flex e-con-boxed elementor-invisible e-con e-parent\" data-id=\"71c843a\" data-element_type=\"container\" data-settings=\"{&quot;jet_parallax_layout_list&quot;:[],&quot;animation&quot;:&quot;fadeInUp&quot;}\">\n\t\t\t\t\t<div class=\"e-con-inner\">\n\t\t<div class=\"elementor-element elementor-element-d189949 e-con-full e-flex e-con e-child\" data-id=\"d189949\" data-element_type=\"container\" data-settings=\"{&quot;jet_parallax_layout_list&quot;:[]}\">\n\t\t\t\t<div class=\"elementor-element elementor-element-3385bb2 elementor-widget elementor-widget-heading\" data-id=\"3385bb2\" data-element_type=\"widget\" data-widget_type=\"heading.default\">\n\t\t\t\t\t<h2 class=\"elementor-heading-title elementor-size-default\">\u0424\u043e\u0440\u043c\u0430 \u0437\u0430\u044f\u0432\u043b\u0435\u043d\u0438\u044f \u0441\u0442\u0443\u0434\u0435\u043d\u0442\u0430<\/h2>\t\t\t\t<\/div>\n\t\t\t\t<div class=\"elementor-element elementor-element-5689c75 elementor-widget elementor-widget-wpforms\" data-id=\"5689c75\" data-element_type=\"widget\" data-widget_type=\"wpforms.default\">\n\t\t\t\t<div class=\"elementor-widget-container\">\n\t\t\t\t\t<style id=\"wpforms-css-vars-elementor-widget-5689c75\">\n\t\t\t\t.elementor-widget-wpforms.elementor-element-5689c75 {\n\t\t\t\t--wpforms-field-size-input-height: 43px;\n--wpforms-field-size-input-spacing: 15px;\n--wpforms-field-size-font-size: 16px;\n--wpforms-field-size-line-height: 19px;\n--wpforms-field-size-padding-h: 14px;\n--wpforms-field-size-checkbox-size: 16px;\n--wpforms-field-size-sublabel-spacing: 5px;\n--wpforms-field-size-icon-size: 1;\n--wpforms-label-size-font-size: 16px;\n--wpforms-label-size-line-height: 19px;\n--wpforms-label-size-sublabel-font-size: 14px;\n--wpforms-label-size-sublabel-line-height: 17px;\n--wpforms-button-size-font-size: 17px;\n--wpforms-button-size-height: 41px;\n--wpforms-button-size-padding-h: 15px;\n--wpforms-button-size-margin-top: 10px;\n\n\t\t\t}\n\t\t\t<\/style><div class=\"wpforms-container wpforms-container-full wpforms-render-modern\" id=\"wpforms-595\"><form id=\"wpforms-form-595\" class=\"wpforms-validate wpforms-form wpforms-ajax-form\" data-formid=\"595\" method=\"post\" enctype=\"multipart\/form-data\" action=\"\/ru\/wp-json\/wp\/v2\/pages\/729\" data-token=\"ec170ad120c85ef868d2cf2ff3b4cf10\" data-token-time=\"1776614696\" data-trp-original-action=\"\/ru\/wp-json\/wp\/v2\/pages\/729\"><noscript class=\"wpforms-error-noscript\">\u0412 \u0432\u0438\u0434\u0435 JavaScript \u0438 \u0431\u0440\u0430\u0443\u0437\u0435\u0440\u0430.<\/noscript><div class=\"wpforms-hidden\" id=\"wpforms-error-noscript\">\u0412 \u0432\u0438\u0434\u0435 JavaScript \u0438 \u0431\u0440\u0430\u0443\u0437\u0435\u0440\u0430.<\/div><div class=\"wpforms-field-container\"><div id=\"wpforms-595-field_1-container\" class=\"wpforms-field wpforms-field-name\" data-field-id=\"1\"><fieldset><legend class=\"wpforms-field-label\">\u0418\u043c\u044f \u0438 \u0444\u0430\u043c\u0438\u043b\u0438\u044f <span class=\"wpforms-required-label\" aria-hidden=\"true\">*<\/span><\/legend><div class=\"wpforms-field-row wpforms-field-medium\"><div class=\"wpforms-field-row-block wpforms-first wpforms-one-half\"><input type=\"text\" id=\"wpforms-595-field_1\" class=\"wpforms-field-name-first wpforms-field-required\" name=\"wpforms[fields][1][first]\" aria-errormessage=\"wpforms-595-field_1-error\" required><label for=\"wpforms-595-field_1\" class=\"wpforms-field-sublabel after\">\u0418\u043c\u043c\u0430<\/label><\/div><div class=\"wpforms-field-row-block wpforms-one-half\"><input type=\"text\" id=\"wpforms-595-field_1-last\" class=\"wpforms-field-name-last wpforms-field-required\" name=\"wpforms[fields][1][last]\" aria-errormessage=\"wpforms-595-field_1-last-error\" required><label for=\"wpforms-595-field_1-last\" class=\"wpforms-field-sublabel after\">\u0421\u0435\u043c\u044c\u044f<\/label><\/div><\/div><\/fieldset><\/div><div id=\"wpforms-595-field_2-container\" class=\"wpforms-field wpforms-field-email\" data-field-id=\"2\"><label class=\"wpforms-field-label\" for=\"wpforms-595-field_2\">\u042d\u043b\u0435\u043a\u0442\u0440\u043e\u043d\u043d\u0430\u044f \u043f\u043e\u0447\u0442\u0430 <span class=\"wpforms-required-label\" aria-hidden=\"true\">*<\/span><\/label><input type=\"email\" id=\"wpforms-595-field_2\" class=\"wpforms-field-medium wpforms-field-required\" name=\"wpforms[fields][2]\" spellcheck=\"false\" aria-errormessage=\"wpforms-595-field_2-error\" required><\/div><div id=\"wpforms-595-field_3-container\" class=\"wpforms-field wpforms-field-textarea\" data-field-id=\"3\"><label class=\"wpforms-field-label\" for=\"wpforms-595-field_3\">\u041a\u043e\u043c\u043c\u0435\u043d\u0442\u0430\u0440\u0438\u0439 \u0438\u043b\u0438 \u0441\u043e\u043e\u0431\u0449\u0435\u043d\u0438\u0435<\/label><textarea id=\"wpforms-595-field_3\" class=\"wpforms-field-medium\" name=\"wpforms[fields][3]\" aria-errormessage=\"wpforms-595-field_3-error\" ><\/textarea><\/div><\/div><!-- .wpforms-field-container --><div class=\"wpforms-submit-container\" ><input type=\"hidden\" name=\"wpforms[id]\" value=\"595\"><input type=\"hidden\" name=\"page_title\" value=\"\"><input type=\"hidden\" name=\"page_url\" value=\"https:\/\/duzicisinav.com\/ru\/wp-json\/wp\/v2\/pages\/729\"><button type=\"submit\" name=\"wpforms[submit]\" id=\"wpforms-submit-595\" class=\"wpforms-submit\" data-alt-text=\"G\u00f6nderiliyor...\" data-submit-text=\"G\u00f6nder\" aria-live=\"assertive\" value=\"wpforms-submit\">\u041e\u0442\u043f\u0440\u0430\u0432\u043b\u044f\u0442\u044c<\/button><img decoding=\"async\" src=\"https:\/\/duzicisinav.com\/wp-content\/plugins\/wpforms\/assets\/images\/submit-spin.svg\" class=\"wpforms-submit-spinner\" style=\"display: none;\" width=\"26\" height=\"26\" alt=\"\u0417\u0430\u0433\u0440\u0443\u0437\u043a\u0430\"><\/div><input type=\"hidden\" name=\"trp-form-language\" value=\"ru\"\/><\/form><\/div>  <!-- .wpforms-container -->\t\t\t\t<\/div>\n\t\t\t\t<\/div>\n\t\t\t\t<\/div>\n\t\t\t\t\t<\/div>\n\t\t\t\t<\/div>\n\t\t\t\t<\/div>","protected":false},"excerpt":{"rendered":"<p>\u041e \u043d\u0430\u0441 \u0424\u043e\u0440\u043c\u0430 \u0437\u0430\u044f\u0432\u043b\u0435\u043d\u0438\u044f \u0441\u0442\u0443\u0434\u0435\u043d\u0442\u0430. \u0412\u043a\u043b\u044e\u0447\u0438\u0442\u0435 JavaScript \u0432 \u0432\u0430\u0448\u0435\u043c \u0431\u0440\u0430\u0443\u0437\u0435\u0440\u0435, \u0447\u0442\u043e\u0431\u044b \u0437\u0430\u043f\u043e\u043b\u043d\u0438\u0442\u044c \u044d\u0442\u0443 \u0444\u043e\u0440\u043c\u0443. \u0412\u043a\u043b\u044e\u0447\u0438\u0442\u0435 JavaScript \u0432 \u0432\u0430\u0448\u0435\u043c \u0431\u0440\u0430\u0443\u0437\u0435\u0440\u0435, \u0447\u0442\u043e\u0431\u044b \u0437\u0430\u043f\u043e\u043b\u043d\u0438\u0442\u044c \u044d\u0442\u0443 \u0444\u043e\u0440\u043c\u0443. \u0418\u043c\u044f \u0424\u0430\u043c\u0438\u043b\u0438\u044f * \u0418\u043c\u044f \u0424\u0430\u043c\u0438\u043b\u0438\u044f \u042d\u043b\u0435\u043a\u0442\u0440\u043e\u043d\u043d\u0430\u044f \u043f\u043e\u0447\u0442\u0430 *\u041e\u0442\u043f\u0440\u0430\u0432\u0438\u0442\u044c \u043a\u043e\u043c\u043c\u0435\u043d\u0442\u0430\u0440\u0438\u0439 \u0438\u043b\u0438 \u0441\u043e\u043e\u0431\u0449\u0435\u043d\u0438\u0435<\/p>","protected":false},"author":1,"featured_media":629,"parent":0,"menu_order":0,"comment_status":"closed","ping_status":"closed","template":"elementor_header_footer","meta":{"_acf_changed":false,"footnotes":""},"class_list":["post-729","page","type-page","status-publish","has-post-thumbnail","hentry"],"acf":[],"yoast_head":"<!-- This site is optimized with the Yoast SEO plugin v25.6 - https:\/\/yoast.com\/wordpress\/plugins\/seo\/ -->\n<title>\u00d6\u011frenci \u00d6n Ba\u015fvuru Formu - D\u00fcz \u0130\u00e7i S\u0131nav Liseleri<\/title>\n<meta name=\"robots\" content=\"index, follow, max-snippet:-1, max-image-preview:large, max-video-preview:-1\" \/>\n<link rel=\"canonical\" href=\"https:\/\/duzicisinav.com\/ru\/ogrenci-on-basvuru-formu\/\" \/>\n<meta property=\"og:locale\" content=\"ru_RU\" \/>\n<meta property=\"og:type\" content=\"article\" \/>\n<meta property=\"og:title\" content=\"\u00d6\u011frenci \u00d6n Ba\u015fvuru Formu - D\u00fcz \u0130\u00e7i S\u0131nav Liseleri\" \/>\n<meta property=\"og:description\" content=\"Hakk\u0131m\u0131zda \u00d6\u011frenci Ba\u015fvuru Formu Bu formu bitirebilmek i\u00e7in taray\u0131c\u0131n\u0131zda JavaScript&#039;i etkinle\u015ftirin.Bu formu bitirebilmek i\u00e7in taray\u0131c\u0131n\u0131zda JavaScript&#039;i etkinle\u015ftirin. Ad\u0131 Soyad\u0131 * AdSoyad E-posta *Yorum veya Mesaj G\u00f6nder\" \/>\n<meta property=\"og:url\" content=\"https:\/\/duzicisinav.com\/ru\/ogrenci-on-basvuru-formu\/\" \/>\n<meta property=\"og:site_name\" content=\"D\u00fcz \u0130\u00e7i S\u0131nav Liseleri\" \/>\n<meta property=\"article:modified_time\" content=\"2025-08-14T23:18:15+00:00\" \/>\n<meta property=\"og:image\" content=\"https:\/\/duzicisinav.com\/wp-content\/uploads\/2025\/08\/sinav-lisesi-duzici-favicon.png\" \/>\n\t<meta property=\"og:image:width\" content=\"1024\" \/>\n\t<meta property=\"og:image:height\" content=\"1024\" \/>\n\t<meta property=\"og:image:type\" content=\"image\/png\" \/>\n<meta name=\"twitter:card\" content=\"summary_large_image\" \/>\n<meta name=\"twitter:label1\" content=\"\u041f\u0440\u0438\u043c\u0435\u0440\u043d\u043e\u0435 \u0432\u0440\u0435\u043c\u044f \u0434\u043b\u044f \u0447\u0442\u0435\u043d\u0438\u044f\" \/>\n\t<meta name=\"twitter:data1\" content=\"1 \u043c\u0438\u043d\u0443\u0442\u0430\" \/>\n<script type=\"application\/ld+json\" class=\"yoast-schema-graph\">{\"@context\":\"https:\/\/schema.org\",\"@graph\":[{\"@type\":\"WebPage\",\"@id\":\"https:\/\/duzicisinav.com\/ogrenci-on-basvuru-formu\/\",\"url\":\"https:\/\/duzicisinav.com\/ogrenci-on-basvuru-formu\/\",\"name\":\"\u00d6\u011frenci \u00d6n Ba\u015fvuru Formu - D\u00fcz \u0130\u00e7i S\u0131nav Liseleri\",\"isPartOf\":{\"@id\":\"https:\/\/duzicisinav.com\/#website\"},\"primaryImageOfPage\":{\"@id\":\"https:\/\/duzicisinav.com\/ogrenci-on-basvuru-formu\/#primaryimage\"},\"image\":{\"@id\":\"https:\/\/duzicisinav.com\/ogrenci-on-basvuru-formu\/#primaryimage\"},\"thumbnailUrl\":\"https:\/\/duzicisinav.com\/wp-content\/uploads\/2025\/08\/sinav-lisesi-duzici-favicon.png\",\"datePublished\":\"2025-08-14T23:01:12+00:00\",\"dateModified\":\"2025-08-14T23:18:15+00:00\",\"breadcrumb\":{\"@id\":\"https:\/\/duzicisinav.com\/ogrenci-on-basvuru-formu\/#breadcrumb\"},\"inLanguage\":\"ru-RU\",\"potentialAction\":[{\"@type\":\"ReadAction\",\"target\":[\"https:\/\/duzicisinav.com\/ogrenci-on-basvuru-formu\/\"]}]},{\"@type\":\"ImageObject\",\"inLanguage\":\"ru-RU\",\"@id\":\"https:\/\/duzicisinav.com\/ogrenci-on-basvuru-formu\/#primaryimage\",\"url\":\"https:\/\/duzicisinav.com\/wp-content\/uploads\/2025\/08\/sinav-lisesi-duzici-favicon.png\",\"contentUrl\":\"https:\/\/duzicisinav.com\/wp-content\/uploads\/2025\/08\/sinav-lisesi-duzici-favicon.png\",\"width\":1024,\"height\":1024},{\"@type\":\"BreadcrumbList\",\"@id\":\"https:\/\/duzicisinav.com\/ogrenci-on-basvuru-formu\/#breadcrumb\",\"itemListElement\":[{\"@type\":\"ListItem\",\"position\":1,\"name\":\"Anasayfa\",\"item\":\"https:\/\/duzicisinav.com\/\"},{\"@type\":\"ListItem\",\"position\":2,\"name\":\"\u00d6\u011frenci \u00d6n Ba\u015fvuru Formu\"}]},{\"@type\":\"WebSite\",\"@id\":\"https:\/\/duzicisinav.com\/#website\",\"url\":\"https:\/\/duzicisinav.com\/\",\"name\":\"D\u00fcz \u0130\u00e7i S\u0131nav Liseleri\",\"description\":\"D\u00fcz \u0130\u00e7i S\u0131nav Liseleri\",\"potentialAction\":[{\"@type\":\"SearchAction\",\"target\":{\"@type\":\"EntryPoint\",\"urlTemplate\":\"https:\/\/duzicisinav.com\/?s={search_term_string}\"},\"query-input\":{\"@type\":\"PropertyValueSpecification\",\"valueRequired\":true,\"valueName\":\"search_term_string\"}}],\"inLanguage\":\"ru-RU\"}]}<\/script>\n<!-- \/ Yoast SEO plugin. -->","yoast_head_json":{"title":"\u00d6\u011frenci \u00d6n Ba\u015fvuru Formu - D\u00fcz \u0130\u00e7i S\u0131nav Liseleri","robots":{"index":"index","follow":"follow","max-snippet":"max-snippet:-1","max-image-preview":"max-image-preview:large","max-video-preview":"max-video-preview:-1"},"canonical":"https:\/\/duzicisinav.com\/ru\/ogrenci-on-basvuru-formu\/","og_locale":"ru_RU","og_type":"article","og_title":"\u00d6\u011frenci \u00d6n Ba\u015fvuru Formu - D\u00fcz \u0130\u00e7i S\u0131nav Liseleri","og_description":"Hakk\u0131m\u0131zda \u00d6\u011frenci Ba\u015fvuru Formu Bu formu bitirebilmek i\u00e7in taray\u0131c\u0131n\u0131zda JavaScript&#039;i etkinle\u015ftirin.Bu formu bitirebilmek i\u00e7in taray\u0131c\u0131n\u0131zda JavaScript&#039;i etkinle\u015ftirin. Ad\u0131 Soyad\u0131 * AdSoyad E-posta *Yorum veya Mesaj G\u00f6nder","og_url":"https:\/\/duzicisinav.com\/ru\/ogrenci-on-basvuru-formu\/","og_site_name":"D\u00fcz \u0130\u00e7i S\u0131nav Liseleri","article_modified_time":"2025-08-14T23:18:15+00:00","og_image":[{"width":1024,"height":1024,"url":"https:\/\/duzicisinav.com\/wp-content\/uploads\/2025\/08\/sinav-lisesi-duzici-favicon.png","type":"image\/png"}],"twitter_card":"summary_large_image","twitter_misc":{"\u041f\u0440\u0438\u043c\u0435\u0440\u043d\u043e\u0435 \u0432\u0440\u0435\u043c\u044f \u0434\u043b\u044f \u0447\u0442\u0435\u043d\u0438\u044f":"1 \u043c\u0438\u043d\u0443\u0442\u0430"},"schema":{"@context":"https:\/\/schema.org","@graph":[{"@type":"WebPage","@id":"https:\/\/duzicisinav.com\/ogrenci-on-basvuru-formu\/","url":"https:\/\/duzicisinav.com\/ogrenci-on-basvuru-formu\/","name":"\u00d6\u011frenci \u00d6n Ba\u015fvuru Formu - D\u00fcz \u0130\u00e7i S\u0131nav Liseleri","isPartOf":{"@id":"https:\/\/duzicisinav.com\/#website"},"primaryImageOfPage":{"@id":"https:\/\/duzicisinav.com\/ogrenci-on-basvuru-formu\/#primaryimage"},"image":{"@id":"https:\/\/duzicisinav.com\/ogrenci-on-basvuru-formu\/#primaryimage"},"thumbnailUrl":"https:\/\/duzicisinav.com\/wp-content\/uploads\/2025\/08\/sinav-lisesi-duzici-favicon.png","datePublished":"2025-08-14T23:01:12+00:00","dateModified":"2025-08-14T23:18:15+00:00","breadcrumb":{"@id":"https:\/\/duzicisinav.com\/ogrenci-on-basvuru-formu\/#breadcrumb"},"inLanguage":"ru-RU","potentialAction":[{"@type":"ReadAction","target":["https:\/\/duzicisinav.com\/ogrenci-on-basvuru-formu\/"]}]},{"@type":"ImageObject","inLanguage":"ru-RU","@id":"https:\/\/duzicisinav.com\/ogrenci-on-basvuru-formu\/#primaryimage","url":"https:\/\/duzicisinav.com\/wp-content\/uploads\/2025\/08\/sinav-lisesi-duzici-favicon.png","contentUrl":"https:\/\/duzicisinav.com\/wp-content\/uploads\/2025\/08\/sinav-lisesi-duzici-favicon.png","width":1024,"height":1024},{"@type":"BreadcrumbList","@id":"https:\/\/duzicisinav.com\/ogrenci-on-basvuru-formu\/#breadcrumb","itemListElement":[{"@type":"ListItem","position":1,"name":"Anasayfa","item":"https:\/\/duzicisinav.com\/"},{"@type":"ListItem","position":2,"name":"\u00d6\u011frenci \u00d6n Ba\u015fvuru Formu"}]},{"@type":"WebSite","@id":"https:\/\/duzicisinav.com\/#website","url":"https:\/\/duzicisinav.com\/","name":"D\u00fcz \u0130\u00e7i S\u0131nav Liseleri","description":"D\u00fcz \u0130\u00e7i S\u0131nav Liseleri","potentialAction":[{"@type":"SearchAction","target":{"@type":"EntryPoint","urlTemplate":"https:\/\/duzicisinav.com\/?s={search_term_string}"},"query-input":{"@type":"PropertyValueSpecification","valueRequired":true,"valueName":"search_term_string"}}],"inLanguage":"ru-RU"}]}},"_links":{"self":[{"href":"https:\/\/duzicisinav.com\/ru\/wp-json\/wp\/v2\/pages\/729","targetHints":{"allow":["GET"]}}],"collection":[{"href":"https:\/\/duzicisinav.com\/ru\/wp-json\/wp\/v2\/pages"}],"about":[{"href":"https:\/\/duzicisinav.com\/ru\/wp-json\/wp\/v2\/types\/page"}],"author":[{"embeddable":true,"href":"https:\/\/duzicisinav.com\/ru\/wp-json\/wp\/v2\/users\/1"}],"replies":[{"embeddable":true,"href":"https:\/\/duzicisinav.com\/ru\/wp-json\/wp\/v2\/comments?post=729"}],"version-history":[{"count":19,"href":"https:\/\/duzicisinav.com\/ru\/wp-json\/wp\/v2\/pages\/729\/revisions"}],"predecessor-version":[{"id":754,"href":"https:\/\/duzicisinav.com\/ru\/wp-json\/wp\/v2\/pages\/729\/revisions\/754"}],"wp:featuredmedia":[{"embeddable":true,"href":"https:\/\/duzicisinav.com\/ru\/wp-json\/wp\/v2\/media\/629"}],"wp:attachment":[{"href":"https:\/\/duzicisinav.com\/ru\/wp-json\/wp\/v2\/media?parent=729"}],"curies":[{"name":"wp","href":"https:\/\/api.w.org\/{rel}","templated":true}]}}