{"id":767,"date":"2025-08-17T08:17:54","date_gmt":"2025-08-17T05:17:54","guid":{"rendered":"https:\/\/duzicisinav.com\/?page_id=767"},"modified":"2025-08-17T08:22:19","modified_gmt":"2025-08-17T05:22:19","slug":"formalarimiz","status":"publish","type":"page","link":"https:\/\/duzicisinav.com\/en\/formalarimiz\/","title":{"rendered":"Our jerseys"},"content":{"rendered":"<div data-elementor-type=\"wp-page\" data-elementor-id=\"767\" class=\"elementor elementor-767\">\n\t\t\t\t<div class=\"elementor-element elementor-element-203280d e-flex e-con-boxed e-con e-parent\" data-id=\"203280d\" data-element_type=\"container\" data-settings=\"{&quot;background_background&quot;:&quot;classic&quot;,&quot;jet_parallax_layout_list&quot;:[]}\">\n\t\t\t\t\t<div class=\"e-con-inner\">\n\t\t<div class=\"elementor-element elementor-element-fdeeec9 e-con-full e-flex e-con e-child\" data-id=\"fdeeec9\" data-element_type=\"container\" data-settings=\"{&quot;jet_parallax_layout_list&quot;:[]}\">\n\t\t\t\t<div class=\"elementor-element elementor-element-e3c72c7 elementor-widget elementor-widget-heading\" data-id=\"e3c72c7\" data-element_type=\"widget\" data-widget_type=\"heading.default\">\n\t\t\t\t\t<h2 class=\"elementor-heading-title elementor-size-default\">Our uniforms<\/h2>\t\t\t\t<\/div>\n\t\t\t\t<\/div>\n\t\t\t\t\t<\/div>\n\t\t\t\t<\/div>\n\t\t<div class=\"elementor-element elementor-element-8d95d1e e-flex e-con-boxed elementor-invisible e-con e-parent\" data-id=\"8d95d1e\" data-element_type=\"container\" data-settings=\"{&quot;jet_parallax_layout_list&quot;:[],&quot;animation&quot;:&quot;fadeInUp&quot;}\">\n\t\t\t\t\t<div class=\"e-con-inner\">\n\t\t<div class=\"elementor-element elementor-element-2a29a67 e-con-full e-flex e-con e-child\" data-id=\"2a29a67\" data-element_type=\"container\" data-settings=\"{&quot;jet_parallax_layout_list&quot;:[]}\">\n\t\t\t\t<div class=\"elementor-element elementor-element-9ac43c7 elementor-widget elementor-widget-heading\" data-id=\"9ac43c7\" data-element_type=\"widget\" data-widget_type=\"heading.default\">\n\t\t\t\t\t<h2 class=\"elementor-heading-title elementor-size-default\">Our uniforms<\/h2>\t\t\t\t<\/div>\n\t\t\t\t<\/div>\n\t\t\t\t\t<\/div>\n\t\t\t\t<\/div>\n\t\t<div class=\"elementor-element elementor-element-6376391 e-flex e-con-boxed elementor-invisible e-con e-parent\" data-id=\"6376391\" data-element_type=\"container\" data-settings=\"{&quot;jet_parallax_layout_list&quot;:[],&quot;animation&quot;:&quot;fadeInUp&quot;}\">\n\t\t\t\t\t<div class=\"e-con-inner\">\n\t\t<div class=\"elementor-element elementor-element-286d6c2 e-con-full e-flex e-con e-child\" data-id=\"286d6c2\" data-element_type=\"container\" data-settings=\"{&quot;jet_parallax_layout_list&quot;:[]}\">\n\t\t\t\t<div class=\"elementor-element elementor-element-b29b2e0 elementor-widget elementor-widget-image\" data-id=\"b29b2e0\" data-element_type=\"widget\" data-widget_type=\"image.default\">\n\t\t\t\t\t\t\t\t\t\t\t\t\t\t\t\t<a href=\"https:\/\/duzicisinav.com\/wp-content\/uploads\/2025\/08\/3fdec1ae-bcc0-4477-a532-7800985c6b9c.png\" data-elementor-open-lightbox=\"yes\" data-elementor-lightbox-title=\"3fdec1ae-bcc0-4477-a532-7800985c6b9c\" data-e-action-hash=\"#elementor-action%3Aaction%3Dlightbox%26settings%3DeyJpZCI6NzczLCJ1cmwiOiJodHRwczpcL1wvZHV6aWNpc2luYXYuY29tXC93cC1jb250ZW50XC91cGxvYWRzXC8yMDI1XC8wOFwvM2ZkZWMxYWUtYmNjMC00NDc3LWE1MzItNzgwMDk4NWM2YjljLnBuZyJ9\">\n\t\t\t\t\t\t\t<img fetchpriority=\"high\" decoding=\"async\" width=\"1024\" height=\"1024\" src=\"https:\/\/duzicisinav.com\/wp-content\/uploads\/2025\/08\/3fdec1ae-bcc0-4477-a532-7800985c6b9c.png\" class=\"attachment-large size-large wp-image-773\" alt=\"\" srcset=\"https:\/\/duzicisinav.com\/wp-content\/uploads\/2025\/08\/3fdec1ae-bcc0-4477-a532-7800985c6b9c.png 1024w, https:\/\/duzicisinav.com\/wp-content\/uploads\/2025\/08\/3fdec1ae-bcc0-4477-a532-7800985c6b9c-300x300.png 300w, https:\/\/duzicisinav.com\/wp-content\/uploads\/2025\/08\/3fdec1ae-bcc0-4477-a532-7800985c6b9c-150x150.png 150w, https:\/\/duzicisinav.com\/wp-content\/uploads\/2025\/08\/3fdec1ae-bcc0-4477-a532-7800985c6b9c-768x768.png 768w, https:\/\/duzicisinav.com\/wp-content\/uploads\/2025\/08\/3fdec1ae-bcc0-4477-a532-7800985c6b9c-12x12.png 12w, https:\/\/duzicisinav.com\/wp-content\/uploads\/2025\/08\/3fdec1ae-bcc0-4477-a532-7800985c6b9c-500x500.png 500w\" sizes=\"(max-width: 1024px) 100vw, 1024px\" \/>\t\t\t\t\t\t\t\t<\/a>\n\t\t\t\t\t\t\t\t\t\t\t\t\t\t\t<\/div>\n\t\t\t\t<\/div>\n\t\t<div class=\"elementor-element elementor-element-62d82eb e-con-full e-flex e-con e-child\" data-id=\"62d82eb\" data-element_type=\"container\" data-settings=\"{&quot;jet_parallax_layout_list&quot;:[]}\">\n\t\t\t\t<div class=\"elementor-element elementor-element-9045aa9 elementor-widget elementor-widget-image\" data-id=\"9045aa9\" data-element_type=\"widget\" data-widget_type=\"image.default\">\n\t\t\t\t\t\t\t\t\t\t\t\t\t\t\t\t<a href=\"https:\/\/duzicisinav.com\/wp-content\/uploads\/2025\/08\/55c43b26-4468-444b-bcaa-8d3f9b2046c3.png\" data-elementor-open-lightbox=\"yes\" data-elementor-lightbox-title=\"55c43b26-4468-444b-bcaa-8d3f9b2046c3\" data-e-action-hash=\"#elementor-action%3Aaction%3Dlightbox%26settings%3DeyJpZCI6Nzc0LCJ1cmwiOiJodHRwczpcL1wvZHV6aWNpc2luYXYuY29tXC93cC1jb250ZW50XC91cGxvYWRzXC8yMDI1XC8wOFwvNTVjNDNiMjYtNDQ2OC00NDRiLWJjYWEtOGQzZjliMjA0NmMzLnBuZyJ9\">\n\t\t\t\t\t\t\t<img decoding=\"async\" width=\"1024\" height=\"1024\" src=\"https:\/\/duzicisinav.com\/wp-content\/uploads\/2025\/08\/55c43b26-4468-444b-bcaa-8d3f9b2046c3.png\" class=\"attachment-large size-large wp-image-774\" alt=\"\" srcset=\"https:\/\/duzicisinav.com\/wp-content\/uploads\/2025\/08\/55c43b26-4468-444b-bcaa-8d3f9b2046c3.png 1024w, https:\/\/duzicisinav.com\/wp-content\/uploads\/2025\/08\/55c43b26-4468-444b-bcaa-8d3f9b2046c3-300x300.png 300w, https:\/\/duzicisinav.com\/wp-content\/uploads\/2025\/08\/55c43b26-4468-444b-bcaa-8d3f9b2046c3-150x150.png 150w, https:\/\/duzicisinav.com\/wp-content\/uploads\/2025\/08\/55c43b26-4468-444b-bcaa-8d3f9b2046c3-768x768.png 768w, https:\/\/duzicisinav.com\/wp-content\/uploads\/2025\/08\/55c43b26-4468-444b-bcaa-8d3f9b2046c3-12x12.png 12w, https:\/\/duzicisinav.com\/wp-content\/uploads\/2025\/08\/55c43b26-4468-444b-bcaa-8d3f9b2046c3-500x500.png 500w\" sizes=\"(max-width: 1024px) 100vw, 1024px\" \/>\t\t\t\t\t\t\t\t<\/a>\n\t\t\t\t\t\t\t\t\t\t\t\t\t\t\t<\/div>\n\t\t\t\t<\/div>\n\t\t\t\t\t<\/div>\n\t\t\t\t<\/div>\n\t\t\t\t<\/div>","protected":false},"excerpt":{"rendered":"<p>Our Uniforms Our Uniforms<\/p>","protected":false},"author":1,"featured_media":629,"parent":0,"menu_order":0,"comment_status":"closed","ping_status":"closed","template":"elementor_header_footer","meta":{"_acf_changed":false,"footnotes":""},"class_list":["post-767","page","type-page","status-publish","has-post-thumbnail","hentry"],"acf":[],"yoast_head":"<!-- This site is optimized with the Yoast SEO plugin v25.6 - https:\/\/yoast.com\/wordpress\/plugins\/seo\/ -->\n<title>Formalar\u0131m\u0131z - D\u00fcz \u0130\u00e7i S\u0131nav Liseleri<\/title>\n<meta name=\"robots\" content=\"index, follow, max-snippet:-1, max-image-preview:large, max-video-preview:-1\" \/>\n<link rel=\"canonical\" href=\"https:\/\/duzicisinav.com\/en\/formalarimiz\/\" \/>\n<meta property=\"og:locale\" content=\"en_US\" \/>\n<meta property=\"og:type\" content=\"article\" \/>\n<meta property=\"og:title\" content=\"Formalar\u0131m\u0131z - D\u00fcz \u0130\u00e7i S\u0131nav Liseleri\" \/>\n<meta property=\"og:description\" content=\"\u00dcniformalar\u0131m\u0131z \u00dcniformalar\u0131m\u0131z\" \/>\n<meta property=\"og:url\" content=\"https:\/\/duzicisinav.com\/en\/formalarimiz\/\" \/>\n<meta property=\"og:site_name\" content=\"D\u00fcz \u0130\u00e7i S\u0131nav Liseleri\" \/>\n<meta property=\"article:modified_time\" content=\"2025-08-17T05:22:19+00:00\" \/>\n<meta property=\"og:image\" content=\"https:\/\/duzicisinav.com\/wp-content\/uploads\/2025\/08\/sinav-lisesi-duzici-favicon.png\" \/>\n\t<meta property=\"og:image:width\" content=\"1024\" \/>\n\t<meta property=\"og:image:height\" content=\"1024\" \/>\n\t<meta property=\"og:image:type\" content=\"image\/png\" \/>\n<meta name=\"twitter:card\" content=\"summary_large_image\" \/>\n<meta name=\"twitter:label1\" content=\"Est. reading time\" \/>\n\t<meta name=\"twitter:data1\" content=\"1 minute\" \/>\n<script type=\"application\/ld+json\" class=\"yoast-schema-graph\">{\"@context\":\"https:\/\/schema.org\",\"@graph\":[{\"@type\":\"WebPage\",\"@id\":\"https:\/\/duzicisinav.com\/formalarimiz\/\",\"url\":\"https:\/\/duzicisinav.com\/formalarimiz\/\",\"name\":\"Formalar\u0131m\u0131z - D\u00fcz \u0130\u00e7i S\u0131nav Liseleri\",\"isPartOf\":{\"@id\":\"https:\/\/duzicisinav.com\/#website\"},\"primaryImageOfPage\":{\"@id\":\"https:\/\/duzicisinav.com\/formalarimiz\/#primaryimage\"},\"image\":{\"@id\":\"https:\/\/duzicisinav.com\/formalarimiz\/#primaryimage\"},\"thumbnailUrl\":\"https:\/\/duzicisinav.com\/wp-content\/uploads\/2025\/08\/sinav-lisesi-duzici-favicon.png\",\"datePublished\":\"2025-08-17T05:17:54+00:00\",\"dateModified\":\"2025-08-17T05:22:19+00:00\",\"breadcrumb\":{\"@id\":\"https:\/\/duzicisinav.com\/formalarimiz\/#breadcrumb\"},\"inLanguage\":\"en-US\",\"potentialAction\":[{\"@type\":\"ReadAction\",\"target\":[\"https:\/\/duzicisinav.com\/formalarimiz\/\"]}]},{\"@type\":\"ImageObject\",\"inLanguage\":\"en-US\",\"@id\":\"https:\/\/duzicisinav.com\/formalarimiz\/#primaryimage\",\"url\":\"https:\/\/duzicisinav.com\/wp-content\/uploads\/2025\/08\/sinav-lisesi-duzici-favicon.png\",\"contentUrl\":\"https:\/\/duzicisinav.com\/wp-content\/uploads\/2025\/08\/sinav-lisesi-duzici-favicon.png\",\"width\":1024,\"height\":1024},{\"@type\":\"BreadcrumbList\",\"@id\":\"https:\/\/duzicisinav.com\/formalarimiz\/#breadcrumb\",\"itemListElement\":[{\"@type\":\"ListItem\",\"position\":1,\"name\":\"Anasayfa\",\"item\":\"https:\/\/duzicisinav.com\/\"},{\"@type\":\"ListItem\",\"position\":2,\"name\":\"Formalar\u0131m\u0131z\"}]},{\"@type\":\"WebSite\",\"@id\":\"https:\/\/duzicisinav.com\/#website\",\"url\":\"https:\/\/duzicisinav.com\/\",\"name\":\"D\u00fcz \u0130\u00e7i S\u0131nav Liseleri\",\"description\":\"D\u00fcz \u0130\u00e7i S\u0131nav Liseleri\",\"potentialAction\":[{\"@type\":\"SearchAction\",\"target\":{\"@type\":\"EntryPoint\",\"urlTemplate\":\"https:\/\/duzicisinav.com\/?s={search_term_string}\"},\"query-input\":{\"@type\":\"PropertyValueSpecification\",\"valueRequired\":true,\"valueName\":\"search_term_string\"}}],\"inLanguage\":\"en-US\"}]}<\/script>\n<!-- \/ Yoast SEO plugin. -->","yoast_head_json":{"title":"Formalar\u0131m\u0131z - D\u00fcz \u0130\u00e7i S\u0131nav Liseleri","robots":{"index":"index","follow":"follow","max-snippet":"max-snippet:-1","max-image-preview":"max-image-preview:large","max-video-preview":"max-video-preview:-1"},"canonical":"https:\/\/duzicisinav.com\/en\/formalarimiz\/","og_locale":"en_US","og_type":"article","og_title":"Formalar\u0131m\u0131z - D\u00fcz \u0130\u00e7i S\u0131nav Liseleri","og_description":"\u00dcniformalar\u0131m\u0131z \u00dcniformalar\u0131m\u0131z","og_url":"https:\/\/duzicisinav.com\/en\/formalarimiz\/","og_site_name":"D\u00fcz \u0130\u00e7i S\u0131nav Liseleri","article_modified_time":"2025-08-17T05:22:19+00:00","og_image":[{"width":1024,"height":1024,"url":"https:\/\/duzicisinav.com\/wp-content\/uploads\/2025\/08\/sinav-lisesi-duzici-favicon.png","type":"image\/png"}],"twitter_card":"summary_large_image","twitter_misc":{"Est. reading time":"1 minute"},"schema":{"@context":"https:\/\/schema.org","@graph":[{"@type":"WebPage","@id":"https:\/\/duzicisinav.com\/formalarimiz\/","url":"https:\/\/duzicisinav.com\/formalarimiz\/","name":"Formalar\u0131m\u0131z - D\u00fcz \u0130\u00e7i S\u0131nav Liseleri","isPartOf":{"@id":"https:\/\/duzicisinav.com\/#website"},"primaryImageOfPage":{"@id":"https:\/\/duzicisinav.com\/formalarimiz\/#primaryimage"},"image":{"@id":"https:\/\/duzicisinav.com\/formalarimiz\/#primaryimage"},"thumbnailUrl":"https:\/\/duzicisinav.com\/wp-content\/uploads\/2025\/08\/sinav-lisesi-duzici-favicon.png","datePublished":"2025-08-17T05:17:54+00:00","dateModified":"2025-08-17T05:22:19+00:00","breadcrumb":{"@id":"https:\/\/duzicisinav.com\/formalarimiz\/#breadcrumb"},"inLanguage":"en-US","potentialAction":[{"@type":"ReadAction","target":["https:\/\/duzicisinav.com\/formalarimiz\/"]}]},{"@type":"ImageObject","inLanguage":"en-US","@id":"https:\/\/duzicisinav.com\/formalarimiz\/#primaryimage","url":"https:\/\/duzicisinav.com\/wp-content\/uploads\/2025\/08\/sinav-lisesi-duzici-favicon.png","contentUrl":"https:\/\/duzicisinav.com\/wp-content\/uploads\/2025\/08\/sinav-lisesi-duzici-favicon.png","width":1024,"height":1024},{"@type":"BreadcrumbList","@id":"https:\/\/duzicisinav.com\/formalarimiz\/#breadcrumb","itemListElement":[{"@type":"ListItem","position":1,"name":"Anasayfa","item":"https:\/\/duzicisinav.com\/"},{"@type":"ListItem","position":2,"name":"Formalar\u0131m\u0131z"}]},{"@type":"WebSite","@id":"https:\/\/duzicisinav.com\/#website","url":"https:\/\/duzicisinav.com\/","name":"D\u00fcz \u0130\u00e7i S\u0131nav Liseleri","description":"D\u00fcz \u0130\u00e7i S\u0131nav Liseleri","potentialAction":[{"@type":"SearchAction","target":{"@type":"EntryPoint","urlTemplate":"https:\/\/duzicisinav.com\/?s={search_term_string}"},"query-input":{"@type":"PropertyValueSpecification","valueRequired":true,"valueName":"search_term_string"}}],"inLanguage":"en-US"}]}},"_links":{"self":[{"href":"https:\/\/duzicisinav.com\/en\/wp-json\/wp\/v2\/pages\/767","targetHints":{"allow":["GET"]}}],"collection":[{"href":"https:\/\/duzicisinav.com\/en\/wp-json\/wp\/v2\/pages"}],"about":[{"href":"https:\/\/duzicisinav.com\/en\/wp-json\/wp\/v2\/types\/page"}],"author":[{"embeddable":true,"href":"https:\/\/duzicisinav.com\/en\/wp-json\/wp\/v2\/users\/1"}],"replies":[{"embeddable":true,"href":"https:\/\/duzicisinav.com\/en\/wp-json\/wp\/v2\/comments?post=767"}],"version-history":[{"count":7,"href":"https:\/\/duzicisinav.com\/en\/wp-json\/wp\/v2\/pages\/767\/revisions"}],"predecessor-version":[{"id":780,"href":"https:\/\/duzicisinav.com\/en\/wp-json\/wp\/v2\/pages\/767\/revisions\/780"}],"wp:featuredmedia":[{"embeddable":true,"href":"https:\/\/duzicisinav.com\/en\/wp-json\/wp\/v2\/media\/629"}],"wp:attachment":[{"href":"https:\/\/duzicisinav.com\/en\/wp-json\/wp\/v2\/media?parent=767"}],"curies":[{"name":"wp","href":"https:\/\/api.w.org\/{rel}","templated":true}]}}