{"id":431,"date":"2025-08-10T01:56:04","date_gmt":"2025-08-09T22:56:04","guid":{"rendered":"https:\/\/duzicisinav.com\/?page_id=431"},"modified":"2025-08-15T02:27:29","modified_gmt":"2025-08-14T23:27:29","slug":"hakkimizda","status":"publish","type":"page","link":"https:\/\/duzicisinav.com\/en\/hakkimizda\/","title":{"rendered":"About Us"},"content":{"rendered":"<div data-elementor-type=\"wp-page\" data-elementor-id=\"431\" class=\"elementor elementor-431\">\n\t\t\t\t<div class=\"elementor-element elementor-element-b11bf9e e-flex e-con-boxed e-con e-parent\" data-id=\"b11bf9e\" data-element_type=\"container\" data-settings=\"{&quot;background_background&quot;:&quot;classic&quot;,&quot;jet_parallax_layout_list&quot;:[]}\">\n\t\t\t\t\t<div class=\"e-con-inner\">\n\t\t<div class=\"elementor-element elementor-element-58e35d7 e-con-full e-flex e-con e-child\" data-id=\"58e35d7\" data-element_type=\"container\" data-settings=\"{&quot;jet_parallax_layout_list&quot;:[]}\">\n\t\t\t\t<div class=\"elementor-element elementor-element-a1c2924 elementor-widget elementor-widget-heading\" data-id=\"a1c2924\" data-element_type=\"widget\" data-widget_type=\"heading.default\">\n\t\t\t\t\t<h2 class=\"elementor-heading-title elementor-size-default\">About Us<\/h2>\t\t\t\t<\/div>\n\t\t\t\t<\/div>\n\t\t\t\t\t<\/div>\n\t\t\t\t<\/div>\n\t\t<div class=\"elementor-element elementor-element-676695f e-flex e-con-boxed elementor-invisible e-con e-parent\" data-id=\"676695f\" data-element_type=\"container\" data-settings=\"{&quot;jet_parallax_layout_list&quot;:[],&quot;animation&quot;:&quot;fadeInUp&quot;}\">\n\t\t\t\t\t<div class=\"e-con-inner\">\n\t\t<div class=\"elementor-element elementor-element-37c8d29 e-con-full e-flex e-con e-child\" data-id=\"37c8d29\" data-element_type=\"container\" data-settings=\"{&quot;jet_parallax_layout_list&quot;:[]}\">\n\t\t\t\t<div class=\"elementor-element elementor-element-1432528 elementor-widget elementor-widget-heading\" data-id=\"1432528\" data-element_type=\"widget\" data-widget_type=\"heading.default\">\n\t\t\t\t\t<h2 class=\"elementor-heading-title elementor-size-default\">About Us<\/h2>\t\t\t\t<\/div>\n\t\t\t\t<div class=\"elementor-element elementor-element-a787490 elementor-widget elementor-widget-text-editor\" data-id=\"a787490\" data-element_type=\"widget\" data-widget_type=\"text-editor.default\">\n\t\t\t\t\t\t\t\t\t<p data-start=\"278\" data-end=\"665\">D\u00fczi\u00e7i Exam High Schools, <strong data-start=\"301\" data-end=\"327\">Exam Educational Institutions<\/strong> It was established to provide students with a strong future by prioritizing quality and success in education. The founder of our institution <strong data-start=\"472\" data-end=\"488\">Need Inspiration<\/strong>With its years of experience in the education sector, visionary perspective and student-centered approach, it has built a modern, well-equipped and reliable high school environment in D\u00fczi\u00e7i.<\/p><p data-start=\"667\" data-end=\"1125\">Our founding purpose is to provide our students with only <strong data-start=\"708\" data-end=\"731\">TYT\u2013AYT exams<\/strong> but also to provide an education system that prepares you for life. <strong data-start=\"800\" data-end=\"822\">Mastery Learning Model<\/strong>We aim to unlock the potential of each student through one-on-one guidance, practice exams, study sessions, and motivational programs. At D\u00fczi\u00e7i S\u0131nav High Schools, our core values in education are based on discipline, self-confidence, academic success, social development, and character education.<\/p><h5 data-start=\"1127\" data-end=\"1172\"><strong data-start=\"1131\" data-end=\"1170\">Our Education Model and Academic Success<\/strong><\/h5><p data-start=\"1173\" data-end=\"1628\">Applied in our school <strong data-start=\"1194\" data-end=\"1216\">Mastery Learning Model<\/strong>Each student is supported with individual study plans tailored to their learning pace. We identify and address gaps in content through practice exams and problem-solving sessions. Our guidance service closely monitors both the academic and psychological development of our students. <strong data-start=\"1489\" data-end=\"1521\">University exam preparation<\/strong> Systematic and planned studies are supported by our strong teaching staff and modern classrooms.<\/p><h5 data-start=\"1630\" data-end=\"1675\"><strong data-start=\"1634\" data-end=\"1673\">Modern Campus and Technological Infrastructure<\/strong><\/h5><p data-start=\"1676\" data-end=\"2083\">Located in the heart of D\u00fczi\u00e7i, our campus features spacious classrooms, laboratories, a library, study halls, and social areas. Our technology-enhanced learning approach allows our students to continue learning both in the classroom and online. <strong data-start=\"1940\" data-end=\"1967\">Smart board systems<\/strong>We offer a learning environment that meets the requirements of the age with digital question banks and online trial exams.<\/p><h5 data-start=\"2085\" data-end=\"2127\"><strong data-start=\"2089\" data-end=\"2125\">Message from our Founder \u0130lhami Gerek<\/strong><\/h5><blockquote data-start=\"2128\" data-end=\"2430\"><h6 data-start=\"2130\" data-end=\"2430\">&quot;Education is the most important force shaping a country&#039;s future. As D\u00fczi\u00e7i S\u0131nav High Schools, we exist to help each student discover their potential, achieve their goals, and take their place as a successful individual in life. Here, every student is not just a name, but an asset.&quot; <em data-start=\"2414\" data-end=\"2428\">Need Inspiration<\/em><\/h6><\/blockquote>\t\t\t\t\t\t\t\t<\/div>\n\t\t\t\t<\/div>\n\t\t\t\t\t<\/div>\n\t\t\t\t<\/div>\n\t\t<div class=\"elementor-element elementor-element-bd77be3 e-flex e-con-boxed elementor-invisible e-con e-parent\" data-id=\"bd77be3\" data-element_type=\"container\" data-settings=\"{&quot;background_background&quot;:&quot;classic&quot;,&quot;jet_parallax_layout_list&quot;:[],&quot;animation&quot;:&quot;fadeInUp&quot;}\">\n\t\t\t\t\t<div class=\"e-con-inner\">\n\t\t<div class=\"elementor-element elementor-element-76513e5 e-con-full e-flex e-con e-child\" data-id=\"76513e5\" data-element_type=\"container\" data-settings=\"{&quot;jet_parallax_layout_list&quot;:[]}\">\n\t\t\t\t<div class=\"elementor-element elementor-element-3c9f1de elementor-widget elementor-widget-heading\" data-id=\"3c9f1de\" data-element_type=\"widget\" data-widget_type=\"heading.default\">\n\t\t\t\t\t<h2 class=\"elementor-heading-title elementor-size-default\">Our Mission<\/h2>\t\t\t\t<\/div>\n\t\t\t\t<div class=\"elementor-element elementor-element-19262aa elementor-widget elementor-widget-text-editor\" data-id=\"19262aa\" data-element_type=\"widget\" data-widget_type=\"text-editor.default\">\n\t\t\t\t\t\t\t\t\t<p><strong data-start=\"305\" data-end=\"330\">D\u00fczi\u00e7i Exam High Schools<\/strong> Our mission is to prepare our students for both university exams and life in the best possible way by maximizing their academic, social and personal development.<br data-start=\"510\" data-end=\"513\" \/>Our understanding of education, <strong data-start=\"533\" data-end=\"555\">Mastery Learning Model<\/strong> Individual study plans are prepared according to each student&#039;s learning pace and needs, <strong data-start=\"673\" data-end=\"701\">TYT\u2013AYT trial exams<\/strong>We aim to complete our students&#039; deficiencies through one-on-one studies and guidance support.<br data-start=\"796\" data-end=\"799\" \/>In our region <strong data-start=\"810\" data-end=\"855\">The most reliable high school for university preparation<\/strong> Our top priority is to ensure that our students are placed in the universities and departments they target.<br data-start=\"965\" data-end=\"968\" \/>In addition to academic success, we consider it our duty to instill discipline, a sense of responsibility, self-confidence, communication skills and ethical values in our students.<\/p>\t\t\t\t\t\t\t\t<\/div>\n\t\t\t\t<\/div>\n\t\t<div class=\"elementor-element elementor-element-55dc914 e-con-full e-flex e-con e-child\" data-id=\"55dc914\" data-element_type=\"container\" data-settings=\"{&quot;jet_parallax_layout_list&quot;:[]}\">\n\t\t\t\t<div class=\"elementor-element elementor-element-fd6db5a elementor-widget elementor-widget-heading\" data-id=\"fd6db5a\" data-element_type=\"widget\" data-widget_type=\"heading.default\">\n\t\t\t\t\t<h2 class=\"elementor-heading-title elementor-size-default\">Our vision<\/h2>\t\t\t\t<\/div>\n\t\t\t\t<div class=\"elementor-element elementor-element-7c168ba elementor-widget elementor-widget-text-editor\" data-id=\"7c168ba\" data-element_type=\"widget\" data-widget_type=\"text-editor.default\">\n\t\t\t\t\t\t\t\t\t<p data-start=\"1149\" data-end=\"1415\">Our vision is to become a brand known for its quality, disciplined work and student-centered approach in education in T\u00fcrkiye.<br data-start=\"1275\" data-end=\"1278\" \/><strong data-start=\"1278\" data-end=\"1303\">D\u00fczi\u00e7i Exam High Schools<\/strong>aims to be the most preferred educational institution not only in D\u00fczi\u00e7i but in the entire region.<br data-start=\"1396\" data-end=\"1399\" \/>In this direction:<\/p><ul data-start=\"1416\" data-end=\"1961\"><li data-start=\"1416\" data-end=\"1460\"><p data-start=\"1418\" data-end=\"1460\">Increasing academic success rate every year<\/p><\/li><li data-start=\"1461\" data-end=\"1585\"><p data-start=\"1463\" data-end=\"1585\"><strong data-start=\"1463\" data-end=\"1480\">Modern campus<\/strong> And <strong data-start=\"1484\" data-end=\"1524\">technology-supported education systems<\/strong> To provide a learning environment that meets the requirements of the age<\/p><\/li><li data-start=\"1586\" data-end=\"1665\"><p data-start=\"1588\" data-end=\"1665\">Preparing our students not only for exams but also for the world of the future<\/p><\/li><li data-start=\"1666\" data-end=\"1961\"><p data-start=\"1668\" data-end=\"1961\">Raising individuals who are highly aware of social responsibility, are investigative, questioning and productive.<br data-start=\"1755\" data-end=\"1758\" \/>is among our main goals.<br data-start=\"1789\" data-end=\"1792\" \/>Our Founder <strong data-start=\"1802\" data-end=\"1818\">Need Inspiration<\/strong>With the visionary leadership of , we are moving towards becoming an institution that trains future leaders and is recognized for its national and international achievements.<\/p><\/li><\/ul>\t\t\t\t\t\t\t\t<\/div>\n\t\t\t\t<\/div>\n\t\t<div class=\"elementor-element elementor-element-362a752 e-con-full e-flex e-con e-child\" data-id=\"362a752\" data-element_type=\"container\" data-settings=\"{&quot;jet_parallax_layout_list&quot;:[]}\">\n\t\t\t\t<div class=\"elementor-element elementor-element-53a4b91 elementor-widget elementor-widget-heading\" data-id=\"53a4b91\" data-element_type=\"widget\" data-widget_type=\"heading.default\">\n\t\t\t\t\t<h2 class=\"elementor-heading-title elementor-size-default\">Our values<\/h2>\t\t\t\t<\/div>\n\t\t\t\t<div class=\"elementor-element elementor-element-1e641ef elementor-widget elementor-widget-text-editor\" data-id=\"1e641ef\" data-element_type=\"widget\" data-widget_type=\"text-editor.default\">\n\t\t\t\t\t\t\t\t\t<p data-start=\"1990\" data-end=\"2055\"><strong data-start=\"1990\" data-end=\"2015\">D\u00fczi\u00e7i Exam High Schools<\/strong> Our core values in education are;<\/p><ul data-start=\"2056\" data-end=\"2900\"><li data-start=\"2056\" data-end=\"2180\"><p data-start=\"2058\" data-end=\"2180\"><strong data-start=\"2058\" data-end=\"2079\">Success Orientation:<\/strong> To discover the potential of each of our students and maximize their academic and personal success.<\/p><\/li><li data-start=\"2181\" data-end=\"2292\"><p data-start=\"2183\" data-end=\"2292\"><strong data-start=\"2183\" data-end=\"2210\">Individual Attention and Follow-up:<\/strong> To see each student as a value and to address their shortcomings with one-on-one support.<\/p><\/li><li data-start=\"2293\" data-end=\"2407\"><p data-start=\"2295\" data-end=\"2407\"><strong data-start=\"2295\" data-end=\"2322\">Discipline and Responsibility:<\/strong> To help them achieve success by instilling work habits and self-discipline.<\/p><\/li><li data-start=\"2408\" data-end=\"2503\"><p data-start=\"2410\" data-end=\"2503\"><strong data-start=\"2410\" data-end=\"2432\">Ethics and Integrity:<\/strong> To never compromise on justice, respect and honesty in all educational processes.<\/p><\/li><li data-start=\"2504\" data-end=\"2632\"><p data-start=\"2506\" data-end=\"2632\"><strong data-start=\"2506\" data-end=\"2536\">Innovation and Technology:<\/strong> To educate our students in accordance with the requirements of the age by using modern technologies in education.<\/p><\/li><li data-start=\"2633\" data-end=\"2764\"><p data-start=\"2635\" data-end=\"2764\"><strong data-start=\"2635\" data-end=\"2666\">Social and Cultural Development:<\/strong> To develop the cultural, artistic and social aspects of our students in addition to academic success.<\/p><\/li><li data-start=\"2765\" data-end=\"2900\"><p data-start=\"2767\" data-end=\"2900\"><strong data-start=\"2767\" data-end=\"2792\">Social Responsibility:<\/strong> To raise awareness among our students about becoming individuals who add value to society and possess national and universal values.<\/p><\/li><\/ul>\t\t\t\t\t\t\t\t<\/div>\n\t\t\t\t<\/div>\n\t\t\t\t\t<\/div>\n\t\t\t\t<\/div>\n\t\t\t\t<\/div>","protected":false},"excerpt":{"rendered":"<p>Hakk\u0131m\u0131zda Hakk\u0131m\u0131zda D\u00fczi\u00e7i S\u0131nav Liseleri, S\u0131nav E\u011fitim Kurumlar\u0131 \u00e7at\u0131s\u0131 alt\u0131nda, e\u011fitimde kaliteyi ve ba\u015far\u0131y\u0131 \u00f6n planda tutarak \u00f6\u011frencilere g\u00fc\u00e7l\u00fc bir gelecek sunmak amac\u0131yla kurulmu\u015ftur. Kurumumuzun kurucusu \u0130lhami Gerek, y\u0131llard\u0131r e\u011fitim sekt\u00f6r\u00fcnde edindi\u011fi deneyim, vizyoner bak\u0131\u015f a\u00e7\u0131s\u0131 ve \u00f6\u011frenci merkezli yakla\u015f\u0131m\u0131 ile D\u00fczi\u00e7i\u2019nde modern, donan\u0131ml\u0131 ve g\u00fcvenilir bir lise ortam\u0131 in\u015fa etmi\u015ftir. Kurulu\u015f amac\u0131m\u0131z; \u00f6\u011frencilerimizi sadece [&hellip;]<\/p>","protected":false},"author":1,"featured_media":629,"parent":0,"menu_order":0,"comment_status":"closed","ping_status":"closed","template":"elementor_header_footer","meta":{"_acf_changed":false,"footnotes":""},"class_list":["post-431","page","type-page","status-publish","has-post-thumbnail","hentry"],"acf":[],"yoast_head":"<!-- This site is optimized with the Yoast SEO plugin v25.6 - https:\/\/yoast.com\/wordpress\/plugins\/seo\/ -->\n<title>Hakk\u0131m\u0131zda - D\u00fcz \u0130\u00e7i S\u0131nav Liseleri<\/title>\n<meta name=\"robots\" content=\"index, follow, max-snippet:-1, max-image-preview:large, max-video-preview:-1\" \/>\n<link rel=\"canonical\" href=\"https:\/\/duzicisinav.com\/en\/hakkimizda\/\" \/>\n<meta property=\"og:locale\" content=\"en_US\" \/>\n<meta property=\"og:type\" content=\"article\" \/>\n<meta property=\"og:title\" content=\"Hakk\u0131m\u0131zda - D\u00fcz \u0130\u00e7i S\u0131nav Liseleri\" \/>\n<meta property=\"og:description\" content=\"Hakk\u0131m\u0131zda Hakk\u0131m\u0131zda D\u00fczi\u00e7i S\u0131nav Liseleri, S\u0131nav E\u011fitim Kurumlar\u0131 \u00e7at\u0131s\u0131 alt\u0131nda, e\u011fitimde kaliteyi ve ba\u015far\u0131y\u0131 \u00f6n planda tutarak \u00f6\u011frencilere g\u00fc\u00e7l\u00fc bir gelecek sunmak amac\u0131yla kurulmu\u015ftur. Kurumumuzun kurucusu \u0130lhami Gerek, y\u0131llard\u0131r e\u011fitim sekt\u00f6r\u00fcnde edindi\u011fi deneyim, vizyoner bak\u0131\u015f a\u00e7\u0131s\u0131 ve \u00f6\u011frenci merkezli yakla\u015f\u0131m\u0131 ile D\u00fczi\u00e7i\u2019nde modern, donan\u0131ml\u0131 ve g\u00fcvenilir bir lise ortam\u0131 in\u015fa etmi\u015ftir. Kurulu\u015f amac\u0131m\u0131z; \u00f6\u011frencilerimizi sadece [&hellip;]\" \/>\n<meta property=\"og:url\" content=\"https:\/\/duzicisinav.com\/en\/hakkimizda\/\" \/>\n<meta property=\"og:site_name\" content=\"D\u00fcz \u0130\u00e7i S\u0131nav Liseleri\" \/>\n<meta property=\"article:modified_time\" content=\"2025-08-14T23:27:29+00:00\" \/>\n<meta property=\"og:image\" content=\"https:\/\/duzicisinav.com\/wp-content\/uploads\/2025\/08\/sinav-lisesi-duzici-favicon.png\" \/>\n\t<meta property=\"og:image:width\" content=\"1024\" \/>\n\t<meta property=\"og:image:height\" content=\"1024\" \/>\n\t<meta property=\"og:image:type\" content=\"image\/png\" \/>\n<meta name=\"twitter:card\" content=\"summary_large_image\" \/>\n<meta name=\"twitter:label1\" content=\"Est. reading time\" \/>\n\t<meta name=\"twitter:data1\" content=\"4 minutes\" \/>\n<script type=\"application\/ld+json\" class=\"yoast-schema-graph\">{\"@context\":\"https:\/\/schema.org\",\"@graph\":[{\"@type\":\"WebPage\",\"@id\":\"https:\/\/duzicisinav.com\/hakkimizda\/\",\"url\":\"https:\/\/duzicisinav.com\/hakkimizda\/\",\"name\":\"Hakk\u0131m\u0131zda - D\u00fcz \u0130\u00e7i S\u0131nav Liseleri\",\"isPartOf\":{\"@id\":\"https:\/\/duzicisinav.com\/#website\"},\"primaryImageOfPage\":{\"@id\":\"https:\/\/duzicisinav.com\/hakkimizda\/#primaryimage\"},\"image\":{\"@id\":\"https:\/\/duzicisinav.com\/hakkimizda\/#primaryimage\"},\"thumbnailUrl\":\"https:\/\/duzicisinav.com\/wp-content\/uploads\/2025\/08\/sinav-lisesi-duzici-favicon.png\",\"datePublished\":\"2025-08-09T22:56:04+00:00\",\"dateModified\":\"2025-08-14T23:27:29+00:00\",\"breadcrumb\":{\"@id\":\"https:\/\/duzicisinav.com\/hakkimizda\/#breadcrumb\"},\"inLanguage\":\"en-US\",\"potentialAction\":[{\"@type\":\"ReadAction\",\"target\":[\"https:\/\/duzicisinav.com\/hakkimizda\/\"]}]},{\"@type\":\"ImageObject\",\"inLanguage\":\"en-US\",\"@id\":\"https:\/\/duzicisinav.com\/hakkimizda\/#primaryimage\",\"url\":\"https:\/\/duzicisinav.com\/wp-content\/uploads\/2025\/08\/sinav-lisesi-duzici-favicon.png\",\"contentUrl\":\"https:\/\/duzicisinav.com\/wp-content\/uploads\/2025\/08\/sinav-lisesi-duzici-favicon.png\",\"width\":1024,\"height\":1024},{\"@type\":\"BreadcrumbList\",\"@id\":\"https:\/\/duzicisinav.com\/hakkimizda\/#breadcrumb\",\"itemListElement\":[{\"@type\":\"ListItem\",\"position\":1,\"name\":\"Anasayfa\",\"item\":\"https:\/\/duzicisinav.com\/\"},{\"@type\":\"ListItem\",\"position\":2,\"name\":\"Hakk\u0131m\u0131zda\"}]},{\"@type\":\"WebSite\",\"@id\":\"https:\/\/duzicisinav.com\/#website\",\"url\":\"https:\/\/duzicisinav.com\/\",\"name\":\"D\u00fcz \u0130\u00e7i S\u0131nav Liseleri\",\"description\":\"D\u00fcz \u0130\u00e7i S\u0131nav Liseleri\",\"potentialAction\":[{\"@type\":\"SearchAction\",\"target\":{\"@type\":\"EntryPoint\",\"urlTemplate\":\"https:\/\/duzicisinav.com\/?s={search_term_string}\"},\"query-input\":{\"@type\":\"PropertyValueSpecification\",\"valueRequired\":true,\"valueName\":\"search_term_string\"}}],\"inLanguage\":\"en-US\"}]}<\/script>\n<!-- \/ Yoast SEO plugin. -->","yoast_head_json":{"title":"Hakk\u0131m\u0131zda - D\u00fcz \u0130\u00e7i S\u0131nav Liseleri","robots":{"index":"index","follow":"follow","max-snippet":"max-snippet:-1","max-image-preview":"max-image-preview:large","max-video-preview":"max-video-preview:-1"},"canonical":"https:\/\/duzicisinav.com\/en\/hakkimizda\/","og_locale":"en_US","og_type":"article","og_title":"Hakk\u0131m\u0131zda - D\u00fcz \u0130\u00e7i S\u0131nav Liseleri","og_description":"Hakk\u0131m\u0131zda Hakk\u0131m\u0131zda D\u00fczi\u00e7i S\u0131nav Liseleri, S\u0131nav E\u011fitim Kurumlar\u0131 \u00e7at\u0131s\u0131 alt\u0131nda, e\u011fitimde kaliteyi ve ba\u015far\u0131y\u0131 \u00f6n planda tutarak \u00f6\u011frencilere g\u00fc\u00e7l\u00fc bir gelecek sunmak amac\u0131yla kurulmu\u015ftur. Kurumumuzun kurucusu \u0130lhami Gerek, y\u0131llard\u0131r e\u011fitim sekt\u00f6r\u00fcnde edindi\u011fi deneyim, vizyoner bak\u0131\u015f a\u00e7\u0131s\u0131 ve \u00f6\u011frenci merkezli yakla\u015f\u0131m\u0131 ile D\u00fczi\u00e7i\u2019nde modern, donan\u0131ml\u0131 ve g\u00fcvenilir bir lise ortam\u0131 in\u015fa etmi\u015ftir. Kurulu\u015f amac\u0131m\u0131z; \u00f6\u011frencilerimizi sadece [&hellip;]","og_url":"https:\/\/duzicisinav.com\/en\/hakkimizda\/","og_site_name":"D\u00fcz \u0130\u00e7i S\u0131nav Liseleri","article_modified_time":"2025-08-14T23:27:29+00:00","og_image":[{"width":1024,"height":1024,"url":"https:\/\/duzicisinav.com\/wp-content\/uploads\/2025\/08\/sinav-lisesi-duzici-favicon.png","type":"image\/png"}],"twitter_card":"summary_large_image","twitter_misc":{"Est. reading time":"4 minutes"},"schema":{"@context":"https:\/\/schema.org","@graph":[{"@type":"WebPage","@id":"https:\/\/duzicisinav.com\/hakkimizda\/","url":"https:\/\/duzicisinav.com\/hakkimizda\/","name":"Hakk\u0131m\u0131zda - D\u00fcz \u0130\u00e7i S\u0131nav Liseleri","isPartOf":{"@id":"https:\/\/duzicisinav.com\/#website"},"primaryImageOfPage":{"@id":"https:\/\/duzicisinav.com\/hakkimizda\/#primaryimage"},"image":{"@id":"https:\/\/duzicisinav.com\/hakkimizda\/#primaryimage"},"thumbnailUrl":"https:\/\/duzicisinav.com\/wp-content\/uploads\/2025\/08\/sinav-lisesi-duzici-favicon.png","datePublished":"2025-08-09T22:56:04+00:00","dateModified":"2025-08-14T23:27:29+00:00","breadcrumb":{"@id":"https:\/\/duzicisinav.com\/hakkimizda\/#breadcrumb"},"inLanguage":"en-US","potentialAction":[{"@type":"ReadAction","target":["https:\/\/duzicisinav.com\/hakkimizda\/"]}]},{"@type":"ImageObject","inLanguage":"en-US","@id":"https:\/\/duzicisinav.com\/hakkimizda\/#primaryimage","url":"https:\/\/duzicisinav.com\/wp-content\/uploads\/2025\/08\/sinav-lisesi-duzici-favicon.png","contentUrl":"https:\/\/duzicisinav.com\/wp-content\/uploads\/2025\/08\/sinav-lisesi-duzici-favicon.png","width":1024,"height":1024},{"@type":"BreadcrumbList","@id":"https:\/\/duzicisinav.com\/hakkimizda\/#breadcrumb","itemListElement":[{"@type":"ListItem","position":1,"name":"Anasayfa","item":"https:\/\/duzicisinav.com\/"},{"@type":"ListItem","position":2,"name":"Hakk\u0131m\u0131zda"}]},{"@type":"WebSite","@id":"https:\/\/duzicisinav.com\/#website","url":"https:\/\/duzicisinav.com\/","name":"D\u00fcz \u0130\u00e7i S\u0131nav Liseleri","description":"D\u00fcz \u0130\u00e7i S\u0131nav Liseleri","potentialAction":[{"@type":"SearchAction","target":{"@type":"EntryPoint","urlTemplate":"https:\/\/duzicisinav.com\/?s={search_term_string}"},"query-input":{"@type":"PropertyValueSpecification","valueRequired":true,"valueName":"search_term_string"}}],"inLanguage":"en-US"}]}},"_links":{"self":[{"href":"https:\/\/duzicisinav.com\/en\/wp-json\/wp\/v2\/pages\/431","targetHints":{"allow":["GET"]}}],"collection":[{"href":"https:\/\/duzicisinav.com\/en\/wp-json\/wp\/v2\/pages"}],"about":[{"href":"https:\/\/duzicisinav.com\/en\/wp-json\/wp\/v2\/types\/page"}],"author":[{"embeddable":true,"href":"https:\/\/duzicisinav.com\/en\/wp-json\/wp\/v2\/users\/1"}],"replies":[{"embeddable":true,"href":"https:\/\/duzicisinav.com\/en\/wp-json\/wp\/v2\/comments?post=431"}],"version-history":[{"count":14,"href":"https:\/\/duzicisinav.com\/en\/wp-json\/wp\/v2\/pages\/431\/revisions"}],"predecessor-version":[{"id":760,"href":"https:\/\/duzicisinav.com\/en\/wp-json\/wp\/v2\/pages\/431\/revisions\/760"}],"wp:featuredmedia":[{"embeddable":true,"href":"https:\/\/duzicisinav.com\/en\/wp-json\/wp\/v2\/media\/629"}],"wp:attachment":[{"href":"https:\/\/duzicisinav.com\/en\/wp-json\/wp\/v2\/media?parent=431"}],"curies":[{"name":"wp","href":"https:\/\/api.w.org\/{rel}","templated":true}]}}