{"id":431,"date":"2025-08-10T01:56:04","date_gmt":"2025-08-09T22:56:04","guid":{"rendered":"https:\/\/duzicisinav.com\/?page_id=431"},"modified":"2025-08-15T02:27:29","modified_gmt":"2025-08-14T23:27:29","slug":"hakkimizda","status":"publish","type":"page","link":"https:\/\/duzicisinav.com\/de\/hakkimizda\/","title":{"rendered":"\u00dcber uns"},"content":{"rendered":"<div data-elementor-type=\"wp-page\" data-elementor-id=\"431\" class=\"elementor elementor-431\">\n\t\t\t\t<div class=\"elementor-element elementor-element-b11bf9e e-flex e-con-boxed e-con e-parent\" data-id=\"b11bf9e\" data-element_type=\"container\" data-settings=\"{&quot;background_background&quot;:&quot;classic&quot;,&quot;jet_parallax_layout_list&quot;:[]}\">\n\t\t\t\t\t<div class=\"e-con-inner\">\n\t\t<div class=\"elementor-element elementor-element-58e35d7 e-con-full e-flex e-con e-child\" data-id=\"58e35d7\" data-element_type=\"container\" data-settings=\"{&quot;jet_parallax_layout_list&quot;:[]}\">\n\t\t\t\t<div class=\"elementor-element elementor-element-a1c2924 elementor-widget elementor-widget-heading\" data-id=\"a1c2924\" data-element_type=\"widget\" data-widget_type=\"heading.default\">\n\t\t\t\t\t<h2 class=\"elementor-heading-title elementor-size-default\">\u00dcber uns<\/h2>\t\t\t\t<\/div>\n\t\t\t\t<\/div>\n\t\t\t\t\t<\/div>\n\t\t\t\t<\/div>\n\t\t<div class=\"elementor-element elementor-element-676695f e-flex e-con-boxed elementor-invisible e-con e-parent\" data-id=\"676695f\" data-element_type=\"container\" data-settings=\"{&quot;jet_parallax_layout_list&quot;:[],&quot;animation&quot;:&quot;fadeInUp&quot;}\">\n\t\t\t\t\t<div class=\"e-con-inner\">\n\t\t<div class=\"elementor-element elementor-element-37c8d29 e-con-full e-flex e-con e-child\" data-id=\"37c8d29\" data-element_type=\"container\" data-settings=\"{&quot;jet_parallax_layout_list&quot;:[]}\">\n\t\t\t\t<div class=\"elementor-element elementor-element-1432528 elementor-widget elementor-widget-heading\" data-id=\"1432528\" data-element_type=\"widget\" data-widget_type=\"heading.default\">\n\t\t\t\t\t<h2 class=\"elementor-heading-title elementor-size-default\">\u00dcber uns<\/h2>\t\t\t\t<\/div>\n\t\t\t\t<div class=\"elementor-element elementor-element-a787490 elementor-widget elementor-widget-text-editor\" data-id=\"a787490\" data-element_type=\"widget\" data-widget_type=\"text-editor.default\">\n\t\t\t\t\t\t\t\t\t<p data-start=\"278\" data-end=\"665\">D\u00fczi\u00e7i Exam High Schools, <strong data-start=\"301\" data-end=\"327\">Pr\u00fcfung Bildungseinrichtungen<\/strong> Es wurde gegr\u00fcndet, um den Sch\u00fclern eine starke Zukunft zu bieten, indem Qualit\u00e4t und Erfolg in der Ausbildung im Vordergrund stehen. Der Gr\u00fcnder unserer Institution <strong data-start=\"472\" data-end=\"488\">Brauchen Sie Inspiration<\/strong>Mit seiner langj\u00e4hrigen Erfahrung im Bildungssektor, seiner vision\u00e4ren Perspektive und seinem sch\u00fclerzentrierten Ansatz hat es in D\u00fczi\u00e7i eine moderne, gut ausgestattete und zuverl\u00e4ssige Highschool-Umgebung aufgebaut.<\/p><p data-start=\"667\" data-end=\"1125\">Unser Gr\u00fcndungsziel ist es, unseren Studierenden nur <strong data-start=\"708\" data-end=\"731\">TYT\u2013AYT-Pr\u00fcfungen<\/strong> sondern auch ein Bildungssystem bereitzustellen, das Sie auf das Leben vorbereitet. <strong data-start=\"800\" data-end=\"822\">Mastery-Lernmodell<\/strong>Wir m\u00f6chten das Potenzial jedes Sch\u00fclers durch individuelle Betreuung, Probepr\u00fcfungen, Lerneinheiten und Motivationsprogramme freisetzen. An den D\u00fczi\u00e7i S\u0131nav High Schools basieren unsere Grundwerte in der Bildung auf Disziplin, Selbstvertrauen, akademischem Erfolg, sozialer Entwicklung und Charakterbildung.<\/p><h5 data-start=\"1127\" data-end=\"1172\"><strong data-start=\"1131\" data-end=\"1170\">Unser Bildungsmodell und akademischer Erfolg<\/strong><\/h5><p data-start=\"1173\" data-end=\"1628\">An unserer Schule angewendet <strong data-start=\"1194\" data-end=\"1216\">Mastery-Lernmodell<\/strong>Jeder Studierende erh\u00e4lt individuelle, auf sein Lerntempo abgestimmte Lernpl\u00e4ne. Wir identifizieren und schlie\u00dfen inhaltliche L\u00fccken durch \u00dcbungspr\u00fcfungen und Probleml\u00f6sungssitzungen. Unsere Beratungsstelle begleitet die akademische und psychologische Entwicklung unserer Studierenden intensiv. <strong data-start=\"1489\" data-end=\"1521\">Vorbereitung auf Universit\u00e4tspr\u00fcfungen<\/strong> Ein systematisches und planvolles Studium wird durch unsere kompetenten Lehrkr\u00e4fte und modernen Unterrichtsr\u00e4ume unterst\u00fctzt.<\/p><h5 data-start=\"1630\" data-end=\"1675\"><strong data-start=\"1634\" data-end=\"1673\">Moderner Campus und technologische Infrastruktur<\/strong><\/h5><p data-start=\"1676\" data-end=\"2083\">Unser Campus im Herzen von D\u00fczi\u00e7i bietet ger\u00e4umige Unterrichtsr\u00e4ume, Labore, eine Bibliothek, Lernr\u00e4ume und Gemeinschaftsbereiche. Unser technologiegest\u00fctzter Lernansatz erm\u00f6glicht es unseren Studierenden, sowohl im Klassenzimmer als auch online weiterzulernen. <strong data-start=\"1940\" data-end=\"1967\">Smartboard-Systeme<\/strong>Mit digitalen Fragenkatalogen und Online-Probepr\u00fcfungen bieten wir eine zeitgem\u00e4\u00dfe Lernumgebung.<\/p><h5 data-start=\"2085\" data-end=\"2127\"><strong data-start=\"2089\" data-end=\"2125\">Nachricht von unserem Gr\u00fcnder \u0130lhami Gerek<\/strong><\/h5><blockquote data-start=\"2128\" data-end=\"2430\"><h6 data-start=\"2130\" data-end=\"2430\">\u201eBildung ist die wichtigste Kraft, die die Zukunft eines Landes pr\u00e4gt. Als D\u00fczi\u00e7i S\u0131nav High Schools existieren wir, um jedem Sch\u00fcler zu helfen, sein Potenzial zu entdecken, seine Ziele zu erreichen und seinen Platz als erfolgreiches Individuum im Leben einzunehmen. Hier ist jeder Sch\u00fcler nicht nur ein Name, sondern ein Gewinn.\u201c <em data-start=\"2414\" data-end=\"2428\">Brauchen Sie Inspiration<\/em><\/h6><\/blockquote>\t\t\t\t\t\t\t\t<\/div>\n\t\t\t\t<\/div>\n\t\t\t\t\t<\/div>\n\t\t\t\t<\/div>\n\t\t<div class=\"elementor-element elementor-element-bd77be3 e-flex e-con-boxed elementor-invisible e-con e-parent\" data-id=\"bd77be3\" data-element_type=\"container\" data-settings=\"{&quot;background_background&quot;:&quot;classic&quot;,&quot;jet_parallax_layout_list&quot;:[],&quot;animation&quot;:&quot;fadeInUp&quot;}\">\n\t\t\t\t\t<div class=\"e-con-inner\">\n\t\t<div class=\"elementor-element elementor-element-76513e5 e-con-full e-flex e-con e-child\" data-id=\"76513e5\" data-element_type=\"container\" data-settings=\"{&quot;jet_parallax_layout_list&quot;:[]}\">\n\t\t\t\t<div class=\"elementor-element elementor-element-3c9f1de elementor-widget elementor-widget-heading\" data-id=\"3c9f1de\" data-element_type=\"widget\" data-widget_type=\"heading.default\">\n\t\t\t\t\t<h2 class=\"elementor-heading-title elementor-size-default\">Unsere Mission<\/h2>\t\t\t\t<\/div>\n\t\t\t\t<div class=\"elementor-element elementor-element-19262aa elementor-widget elementor-widget-text-editor\" data-id=\"19262aa\" data-element_type=\"widget\" data-widget_type=\"text-editor.default\">\n\t\t\t\t\t\t\t\t\t<p><strong data-start=\"305\" data-end=\"330\">D\u00fczi\u00e7i Exam High Schools<\/strong> Unsere Mission ist es, unsere Sch\u00fcler bestm\u00f6glich auf die Universit\u00e4tspr\u00fcfungen und das Leben vorzubereiten, indem wir ihre akademische, soziale und pers\u00f6nliche Entwicklung maximieren.<br data-start=\"510\" data-end=\"513\" \/>Unser Verst\u00e4ndnis von Bildung, <strong data-start=\"533\" data-end=\"555\">Mastery-Lernmodell<\/strong> Individuelle Studienpl\u00e4ne werden entsprechend dem Lerntempo und den Bed\u00fcrfnissen jedes Sch\u00fclers erstellt. <strong data-start=\"673\" data-end=\"701\">TYT\u2013AYT-Probepr\u00fcfungen<\/strong>Unser Ziel ist es, die Defizite unserer Sch\u00fcler durch Einzelunterricht und Beratungsunterst\u00fctzung auszugleichen.<br data-start=\"796\" data-end=\"799\" \/>In unserer Region <strong data-start=\"810\" data-end=\"855\">Das zuverl\u00e4ssigste Gymnasium zur Universit\u00e4tsvorbereitung<\/strong> Unsere oberste Priorit\u00e4t besteht darin, sicherzustellen, dass unsere Studierenden an den Universit\u00e4ten und Fakult\u00e4ten untergebracht werden, die sie anstreben.<br data-start=\"965\" data-end=\"968\" \/>Neben dem akademischen Erfolg sehen wir es als unsere Aufgabe an, unseren Studierenden Disziplin, Verantwortungsbewusstsein, Selbstvertrauen, Kommunikationsf\u00e4higkeit und ethische Werte zu vermitteln.<\/p>\t\t\t\t\t\t\t\t<\/div>\n\t\t\t\t<\/div>\n\t\t<div class=\"elementor-element elementor-element-55dc914 e-con-full e-flex e-con e-child\" data-id=\"55dc914\" data-element_type=\"container\" data-settings=\"{&quot;jet_parallax_layout_list&quot;:[]}\">\n\t\t\t\t<div class=\"elementor-element elementor-element-fd6db5a elementor-widget elementor-widget-heading\" data-id=\"fd6db5a\" data-element_type=\"widget\" data-widget_type=\"heading.default\">\n\t\t\t\t\t<h2 class=\"elementor-heading-title elementor-size-default\">Unsere Vision<\/h2>\t\t\t\t<\/div>\n\t\t\t\t<div class=\"elementor-element elementor-element-7c168ba elementor-widget elementor-widget-text-editor\" data-id=\"7c168ba\" data-element_type=\"widget\" data-widget_type=\"text-editor.default\">\n\t\t\t\t\t\t\t\t\t<p data-start=\"1149\" data-end=\"1415\">Unsere Vision ist es, eine Marke zu werden, die f\u00fcr ihre Qualit\u00e4t, disziplinierte Arbeit und ihren sch\u00fclerzentrierten Ansatz in der Bildung in der T\u00fcrkei bekannt ist.<br data-start=\"1275\" data-end=\"1278\" \/><strong data-start=\"1278\" data-end=\"1303\">D\u00fczi\u00e7i Exam High Schools<\/strong>hat sich zum Ziel gesetzt, nicht nur in D\u00fczi\u00e7i, sondern in der gesamten Region die beliebteste Bildungseinrichtung zu sein.<br data-start=\"1396\" data-end=\"1399\" \/>In diese Richtung:<\/p><ul data-start=\"1416\" data-end=\"1961\"><li data-start=\"1416\" data-end=\"1460\"><p data-start=\"1418\" data-end=\"1460\">Steigende akademische Erfolgsquote jedes Jahr<\/p><\/li><li data-start=\"1461\" data-end=\"1585\"><p data-start=\"1463\" data-end=\"1585\"><strong data-start=\"1463\" data-end=\"1480\">Moderner Campus<\/strong> Und <strong data-start=\"1484\" data-end=\"1524\">technologiegest\u00fctzte Bildungssysteme<\/strong> Bereitstellung einer altersgerechten Lernumgebung<\/p><\/li><li data-start=\"1586\" data-end=\"1665\"><p data-start=\"1588\" data-end=\"1665\">Wir bereiten unsere Sch\u00fcler nicht nur auf Pr\u00fcfungen, sondern auch auf die Welt der Zukunft vor<\/p><\/li><li data-start=\"1666\" data-end=\"1961\"><p data-start=\"1668\" data-end=\"1961\">Erziehung von Personen, die sich ihrer sozialen Verantwortung bewusst sind, forschen, hinterfragen und produktiv sind.<br data-start=\"1755\" data-end=\"1758\" \/>ist eines unserer Hauptziele.<br data-start=\"1789\" data-end=\"1792\" \/>Unser Gr\u00fcnder <strong data-start=\"1802\" data-end=\"1818\">Brauchen Sie Inspiration<\/strong>Unter der vision\u00e4ren F\u00fchrung von entwickeln wir uns zu einer Institution, die zuk\u00fcnftige F\u00fchrungskr\u00e4fte ausbildet und f\u00fcr ihre nationalen und internationalen Erfolge anerkannt wird.<\/p><\/li><\/ul>\t\t\t\t\t\t\t\t<\/div>\n\t\t\t\t<\/div>\n\t\t<div class=\"elementor-element elementor-element-362a752 e-con-full e-flex e-con e-child\" data-id=\"362a752\" data-element_type=\"container\" data-settings=\"{&quot;jet_parallax_layout_list&quot;:[]}\">\n\t\t\t\t<div class=\"elementor-element elementor-element-53a4b91 elementor-widget elementor-widget-heading\" data-id=\"53a4b91\" data-element_type=\"widget\" data-widget_type=\"heading.default\">\n\t\t\t\t\t<h2 class=\"elementor-heading-title elementor-size-default\">Unsere Werte<\/h2>\t\t\t\t<\/div>\n\t\t\t\t<div class=\"elementor-element elementor-element-1e641ef elementor-widget elementor-widget-text-editor\" data-id=\"1e641ef\" data-element_type=\"widget\" data-widget_type=\"text-editor.default\">\n\t\t\t\t\t\t\t\t\t<p data-start=\"1990\" data-end=\"2055\"><strong data-start=\"1990\" data-end=\"2015\">D\u00fczi\u00e7i Exam High Schools<\/strong> Unsere Grundwerte in der Bildung sind:<\/p><ul data-start=\"2056\" data-end=\"2900\"><li data-start=\"2056\" data-end=\"2180\"><p data-start=\"2058\" data-end=\"2180\"><strong data-start=\"2058\" data-end=\"2079\">Erfolgsorientierung:<\/strong> Das Potenzial jedes einzelnen unserer Sch\u00fcler zu entdecken und seinen akademischen und pers\u00f6nlichen Erfolg zu maximieren.<\/p><\/li><li data-start=\"2181\" data-end=\"2292\"><p data-start=\"2183\" data-end=\"2292\"><strong data-start=\"2183\" data-end=\"2210\">Individuelle Betreuung und Nachsorge:<\/strong> Jeden Sch\u00fcler als wertvoll anzusehen und seine Defizite durch individuelle Unterst\u00fctzung anzugehen.<\/p><\/li><li data-start=\"2293\" data-end=\"2407\"><p data-start=\"2295\" data-end=\"2407\"><strong data-start=\"2295\" data-end=\"2322\">Disziplin und Verantwortung:<\/strong> Um ihnen zu helfen, erfolgreich zu sein, indem wir ihnen Arbeitsgewohnheiten und Selbstdisziplin vermitteln.<\/p><\/li><li data-start=\"2408\" data-end=\"2503\"><p data-start=\"2410\" data-end=\"2503\"><strong data-start=\"2410\" data-end=\"2432\">Ethik und Integrit\u00e4t:<\/strong> In allen Bildungsprozessen keine Kompromisse bei Gerechtigkeit, Respekt und Ehrlichkeit einzugehen.<\/p><\/li><li data-start=\"2504\" data-end=\"2632\"><p data-start=\"2506\" data-end=\"2632\"><strong data-start=\"2506\" data-end=\"2536\">Innovation und Technologie:<\/strong> Unsere Sch\u00fcler durch den Einsatz moderner Technologien im Bildungsbereich entsprechend den Anforderungen der Zeit zu unterrichten.<\/p><\/li><li data-start=\"2633\" data-end=\"2764\"><p data-start=\"2635\" data-end=\"2764\"><strong data-start=\"2635\" data-end=\"2666\">Soziale und kulturelle Entwicklung:<\/strong> Neben dem akademischen Erfolg wollen wir auch die kulturellen, k\u00fcnstlerischen und sozialen Aspekte unserer Sch\u00fcler f\u00f6rdern.<\/p><\/li><li data-start=\"2765\" data-end=\"2900\"><p data-start=\"2767\" data-end=\"2900\"><strong data-start=\"2767\" data-end=\"2792\">Soziale Verantwortung:<\/strong> Wir m\u00f6chten das Bewusstsein unserer Sch\u00fcler daf\u00fcr sch\u00e4rfen, dass sie zu Individuen werden, die einen Mehrwert f\u00fcr die Gesellschaft schaffen und nationale und universelle Werte vertreten.<\/p><\/li><\/ul>\t\t\t\t\t\t\t\t<\/div>\n\t\t\t\t<\/div>\n\t\t\t\t\t<\/div>\n\t\t\t\t<\/div>\n\t\t\t\t<\/div>","protected":false},"excerpt":{"rendered":"<p>Hakk\u0131m\u0131zda Hakk\u0131m\u0131zda D\u00fczi\u00e7i S\u0131nav Liseleri, S\u0131nav E\u011fitim Kurumlar\u0131 \u00e7at\u0131s\u0131 alt\u0131nda, e\u011fitimde kaliteyi ve ba\u015far\u0131y\u0131 \u00f6n planda tutarak \u00f6\u011frencilere g\u00fc\u00e7l\u00fc bir gelecek sunmak amac\u0131yla kurulmu\u015ftur. Kurumumuzun kurucusu \u0130lhami Gerek, y\u0131llard\u0131r e\u011fitim sekt\u00f6r\u00fcnde edindi\u011fi deneyim, vizyoner bak\u0131\u015f a\u00e7\u0131s\u0131 ve \u00f6\u011frenci merkezli yakla\u015f\u0131m\u0131 ile D\u00fczi\u00e7i\u2019nde modern, donan\u0131ml\u0131 ve g\u00fcvenilir bir lise ortam\u0131 in\u015fa etmi\u015ftir. Kurulu\u015f amac\u0131m\u0131z; \u00f6\u011frencilerimizi sadece [&hellip;]<\/p>","protected":false},"author":1,"featured_media":629,"parent":0,"menu_order":0,"comment_status":"closed","ping_status":"closed","template":"elementor_header_footer","meta":{"_acf_changed":false,"footnotes":""},"class_list":["post-431","page","type-page","status-publish","has-post-thumbnail","hentry"],"acf":[],"yoast_head":"<!-- This site is optimized with the Yoast SEO plugin v25.6 - https:\/\/yoast.com\/wordpress\/plugins\/seo\/ -->\n<title>Hakk\u0131m\u0131zda - D\u00fcz \u0130\u00e7i S\u0131nav Liseleri<\/title>\n<meta name=\"robots\" content=\"index, follow, max-snippet:-1, max-image-preview:large, max-video-preview:-1\" \/>\n<link rel=\"canonical\" href=\"https:\/\/duzicisinav.com\/de\/hakkimizda\/\" \/>\n<meta property=\"og:locale\" content=\"de_DE\" \/>\n<meta property=\"og:type\" content=\"article\" \/>\n<meta property=\"og:title\" content=\"Hakk\u0131m\u0131zda - D\u00fcz \u0130\u00e7i S\u0131nav Liseleri\" \/>\n<meta property=\"og:description\" content=\"Hakk\u0131m\u0131zda Hakk\u0131m\u0131zda D\u00fczi\u00e7i S\u0131nav Liseleri, S\u0131nav E\u011fitim Kurumlar\u0131 \u00e7at\u0131s\u0131 alt\u0131nda, e\u011fitimde kaliteyi ve ba\u015far\u0131y\u0131 \u00f6n planda tutarak \u00f6\u011frencilere g\u00fc\u00e7l\u00fc bir gelecek sunmak amac\u0131yla kurulmu\u015ftur. Kurumumuzun kurucusu \u0130lhami Gerek, y\u0131llard\u0131r e\u011fitim sekt\u00f6r\u00fcnde edindi\u011fi deneyim, vizyoner bak\u0131\u015f a\u00e7\u0131s\u0131 ve \u00f6\u011frenci merkezli yakla\u015f\u0131m\u0131 ile D\u00fczi\u00e7i\u2019nde modern, donan\u0131ml\u0131 ve g\u00fcvenilir bir lise ortam\u0131 in\u015fa etmi\u015ftir. Kurulu\u015f amac\u0131m\u0131z; \u00f6\u011frencilerimizi sadece [&hellip;]\" \/>\n<meta property=\"og:url\" content=\"https:\/\/duzicisinav.com\/de\/hakkimizda\/\" \/>\n<meta property=\"og:site_name\" content=\"D\u00fcz \u0130\u00e7i S\u0131nav Liseleri\" \/>\n<meta property=\"article:modified_time\" content=\"2025-08-14T23:27:29+00:00\" \/>\n<meta property=\"og:image\" content=\"https:\/\/duzicisinav.com\/wp-content\/uploads\/2025\/08\/sinav-lisesi-duzici-favicon.png\" \/>\n\t<meta property=\"og:image:width\" content=\"1024\" \/>\n\t<meta property=\"og:image:height\" content=\"1024\" \/>\n\t<meta property=\"og:image:type\" content=\"image\/png\" \/>\n<meta name=\"twitter:card\" content=\"summary_large_image\" \/>\n<meta name=\"twitter:label1\" content=\"Gesch\u00e4tzte Lesezeit\" \/>\n\t<meta name=\"twitter:data1\" content=\"4\u00a0Minuten\" \/>\n<script type=\"application\/ld+json\" class=\"yoast-schema-graph\">{\"@context\":\"https:\/\/schema.org\",\"@graph\":[{\"@type\":\"WebPage\",\"@id\":\"https:\/\/duzicisinav.com\/hakkimizda\/\",\"url\":\"https:\/\/duzicisinav.com\/hakkimizda\/\",\"name\":\"Hakk\u0131m\u0131zda - D\u00fcz \u0130\u00e7i S\u0131nav Liseleri\",\"isPartOf\":{\"@id\":\"https:\/\/duzicisinav.com\/#website\"},\"primaryImageOfPage\":{\"@id\":\"https:\/\/duzicisinav.com\/hakkimizda\/#primaryimage\"},\"image\":{\"@id\":\"https:\/\/duzicisinav.com\/hakkimizda\/#primaryimage\"},\"thumbnailUrl\":\"https:\/\/duzicisinav.com\/wp-content\/uploads\/2025\/08\/sinav-lisesi-duzici-favicon.png\",\"datePublished\":\"2025-08-09T22:56:04+00:00\",\"dateModified\":\"2025-08-14T23:27:29+00:00\",\"breadcrumb\":{\"@id\":\"https:\/\/duzicisinav.com\/hakkimizda\/#breadcrumb\"},\"inLanguage\":\"de\",\"potentialAction\":[{\"@type\":\"ReadAction\",\"target\":[\"https:\/\/duzicisinav.com\/hakkimizda\/\"]}]},{\"@type\":\"ImageObject\",\"inLanguage\":\"de\",\"@id\":\"https:\/\/duzicisinav.com\/hakkimizda\/#primaryimage\",\"url\":\"https:\/\/duzicisinav.com\/wp-content\/uploads\/2025\/08\/sinav-lisesi-duzici-favicon.png\",\"contentUrl\":\"https:\/\/duzicisinav.com\/wp-content\/uploads\/2025\/08\/sinav-lisesi-duzici-favicon.png\",\"width\":1024,\"height\":1024},{\"@type\":\"BreadcrumbList\",\"@id\":\"https:\/\/duzicisinav.com\/hakkimizda\/#breadcrumb\",\"itemListElement\":[{\"@type\":\"ListItem\",\"position\":1,\"name\":\"Anasayfa\",\"item\":\"https:\/\/duzicisinav.com\/\"},{\"@type\":\"ListItem\",\"position\":2,\"name\":\"Hakk\u0131m\u0131zda\"}]},{\"@type\":\"WebSite\",\"@id\":\"https:\/\/duzicisinav.com\/#website\",\"url\":\"https:\/\/duzicisinav.com\/\",\"name\":\"D\u00fcz \u0130\u00e7i S\u0131nav Liseleri\",\"description\":\"D\u00fcz \u0130\u00e7i S\u0131nav Liseleri\",\"potentialAction\":[{\"@type\":\"SearchAction\",\"target\":{\"@type\":\"EntryPoint\",\"urlTemplate\":\"https:\/\/duzicisinav.com\/?s={search_term_string}\"},\"query-input\":{\"@type\":\"PropertyValueSpecification\",\"valueRequired\":true,\"valueName\":\"search_term_string\"}}],\"inLanguage\":\"de\"}]}<\/script>\n<!-- \/ Yoast SEO plugin. -->","yoast_head_json":{"title":"Hakk\u0131m\u0131zda - D\u00fcz \u0130\u00e7i S\u0131nav Liseleri","robots":{"index":"index","follow":"follow","max-snippet":"max-snippet:-1","max-image-preview":"max-image-preview:large","max-video-preview":"max-video-preview:-1"},"canonical":"https:\/\/duzicisinav.com\/de\/hakkimizda\/","og_locale":"de_DE","og_type":"article","og_title":"Hakk\u0131m\u0131zda - D\u00fcz \u0130\u00e7i S\u0131nav Liseleri","og_description":"Hakk\u0131m\u0131zda Hakk\u0131m\u0131zda D\u00fczi\u00e7i S\u0131nav Liseleri, S\u0131nav E\u011fitim Kurumlar\u0131 \u00e7at\u0131s\u0131 alt\u0131nda, e\u011fitimde kaliteyi ve ba\u015far\u0131y\u0131 \u00f6n planda tutarak \u00f6\u011frencilere g\u00fc\u00e7l\u00fc bir gelecek sunmak amac\u0131yla kurulmu\u015ftur. Kurumumuzun kurucusu \u0130lhami Gerek, y\u0131llard\u0131r e\u011fitim sekt\u00f6r\u00fcnde edindi\u011fi deneyim, vizyoner bak\u0131\u015f a\u00e7\u0131s\u0131 ve \u00f6\u011frenci merkezli yakla\u015f\u0131m\u0131 ile D\u00fczi\u00e7i\u2019nde modern, donan\u0131ml\u0131 ve g\u00fcvenilir bir lise ortam\u0131 in\u015fa etmi\u015ftir. Kurulu\u015f amac\u0131m\u0131z; \u00f6\u011frencilerimizi sadece [&hellip;]","og_url":"https:\/\/duzicisinav.com\/de\/hakkimizda\/","og_site_name":"D\u00fcz \u0130\u00e7i S\u0131nav Liseleri","article_modified_time":"2025-08-14T23:27:29+00:00","og_image":[{"width":1024,"height":1024,"url":"https:\/\/duzicisinav.com\/wp-content\/uploads\/2025\/08\/sinav-lisesi-duzici-favicon.png","type":"image\/png"}],"twitter_card":"summary_large_image","twitter_misc":{"Gesch\u00e4tzte Lesezeit":"4\u00a0Minuten"},"schema":{"@context":"https:\/\/schema.org","@graph":[{"@type":"WebPage","@id":"https:\/\/duzicisinav.com\/hakkimizda\/","url":"https:\/\/duzicisinav.com\/hakkimizda\/","name":"Hakk\u0131m\u0131zda - D\u00fcz \u0130\u00e7i S\u0131nav Liseleri","isPartOf":{"@id":"https:\/\/duzicisinav.com\/#website"},"primaryImageOfPage":{"@id":"https:\/\/duzicisinav.com\/hakkimizda\/#primaryimage"},"image":{"@id":"https:\/\/duzicisinav.com\/hakkimizda\/#primaryimage"},"thumbnailUrl":"https:\/\/duzicisinav.com\/wp-content\/uploads\/2025\/08\/sinav-lisesi-duzici-favicon.png","datePublished":"2025-08-09T22:56:04+00:00","dateModified":"2025-08-14T23:27:29+00:00","breadcrumb":{"@id":"https:\/\/duzicisinav.com\/hakkimizda\/#breadcrumb"},"inLanguage":"de","potentialAction":[{"@type":"ReadAction","target":["https:\/\/duzicisinav.com\/hakkimizda\/"]}]},{"@type":"ImageObject","inLanguage":"de","@id":"https:\/\/duzicisinav.com\/hakkimizda\/#primaryimage","url":"https:\/\/duzicisinav.com\/wp-content\/uploads\/2025\/08\/sinav-lisesi-duzici-favicon.png","contentUrl":"https:\/\/duzicisinav.com\/wp-content\/uploads\/2025\/08\/sinav-lisesi-duzici-favicon.png","width":1024,"height":1024},{"@type":"BreadcrumbList","@id":"https:\/\/duzicisinav.com\/hakkimizda\/#breadcrumb","itemListElement":[{"@type":"ListItem","position":1,"name":"Anasayfa","item":"https:\/\/duzicisinav.com\/"},{"@type":"ListItem","position":2,"name":"Hakk\u0131m\u0131zda"}]},{"@type":"WebSite","@id":"https:\/\/duzicisinav.com\/#website","url":"https:\/\/duzicisinav.com\/","name":"D\u00fcz \u0130\u00e7i S\u0131nav Liseleri","description":"D\u00fcz \u0130\u00e7i S\u0131nav Liseleri","potentialAction":[{"@type":"SearchAction","target":{"@type":"EntryPoint","urlTemplate":"https:\/\/duzicisinav.com\/?s={search_term_string}"},"query-input":{"@type":"PropertyValueSpecification","valueRequired":true,"valueName":"search_term_string"}}],"inLanguage":"de"}]}},"_links":{"self":[{"href":"https:\/\/duzicisinav.com\/de\/wp-json\/wp\/v2\/pages\/431","targetHints":{"allow":["GET"]}}],"collection":[{"href":"https:\/\/duzicisinav.com\/de\/wp-json\/wp\/v2\/pages"}],"about":[{"href":"https:\/\/duzicisinav.com\/de\/wp-json\/wp\/v2\/types\/page"}],"author":[{"embeddable":true,"href":"https:\/\/duzicisinav.com\/de\/wp-json\/wp\/v2\/users\/1"}],"replies":[{"embeddable":true,"href":"https:\/\/duzicisinav.com\/de\/wp-json\/wp\/v2\/comments?post=431"}],"version-history":[{"count":14,"href":"https:\/\/duzicisinav.com\/de\/wp-json\/wp\/v2\/pages\/431\/revisions"}],"predecessor-version":[{"id":760,"href":"https:\/\/duzicisinav.com\/de\/wp-json\/wp\/v2\/pages\/431\/revisions\/760"}],"wp:featuredmedia":[{"embeddable":true,"href":"https:\/\/duzicisinav.com\/de\/wp-json\/wp\/v2\/media\/629"}],"wp:attachment":[{"href":"https:\/\/duzicisinav.com\/de\/wp-json\/wp\/v2\/media?parent=431"}],"curies":[{"name":"wp","href":"https:\/\/api.w.org\/{rel}","templated":true}]}}